{"id":771,"date":"2024-05-01T00:22:56","date_gmt":"2024-05-01T00:22:56","guid":{"rendered":"https:\/\/habichlaw.com\/areas-de-practica\/vawa\/"},"modified":"2024-05-27T18:26:21","modified_gmt":"2024-05-27T18:26:21","slug":"vawa","status":"publish","type":"page","link":"https:\/\/habichlaw.com\/es\/areas-de-practica\/vawa\/","title":{"rendered":"VAWA"},"content":{"rendered":"\n<div class=\"wp-block-group page-hero is-layout-flow wp-block-group-is-layout-flow\">\n<div class=\"wp-block-cover\"><span aria-hidden=\"true\" class=\"wp-block-cover__background has-background-dim-0 has-background-dim\" style=\"background-color:#423a35\"><\/span><img loading=\"lazy\" decoding=\"async\" width=\"1920\" height=\"1080\" class=\"wp-block-cover__image-background wp-image-438\" alt=\"\" src=\"https:\/\/habichlaw.com\/wp-content\/uploads\/2024\/05\/wava.jpg\" data-object-fit=\"cover\" srcset=\"https:\/\/habichlaw.com\/wp-content\/uploads\/2024\/05\/wava.jpg 1920w, https:\/\/habichlaw.com\/wp-content\/uploads\/2024\/05\/wava-300x169.jpg 300w, https:\/\/habichlaw.com\/wp-content\/uploads\/2024\/05\/wava-1024x576.jpg 1024w, https:\/\/habichlaw.com\/wp-content\/uploads\/2024\/05\/wava-768x432.jpg 768w, https:\/\/habichlaw.com\/wp-content\/uploads\/2024\/05\/wava-1536x864.jpg 1536w\" sizes=\"auto, (max-width: 1920px) 100vw, 1920px\" \/><div class=\"wp-block-cover__inner-container is-layout-constrained wp-block-cover-is-layout-constrained\">\n<h1 class=\"wp-block-heading has-text-align-center has-large-font-size\">VAWA<\/h1>\n\n\n\n<p class=\"has-white-color has-text-color has-link-color wp-elements-4845d72374e1c5675104e3f3dd6152e3\">Tanto mujeres como hombres pueden presentar una petici\u00f3n de visa de inmigrante bajo la Ley de Violencia Contra la Mujer (VAWA). Una vez que el solicitante ha sido colocado en acci\u00f3n diferida, puede solicitar trabajar en los Estados Unidos.<\/p>\n\n\n\n<div class=\"wp-block-buttons is-layout-flex wp-block-buttons-is-layout-flex\" style=\"margin-top:var(--wp--preset--spacing--60)\">\n<div class=\"wp-block-button is-style-phone\"><a class=\"wp-block-button__link has-habich-blue-color has-habich-gold-background-color has-text-color has-background has-link-color wp-element-button\" href=\"tel:602 795 8383\">602 795 8383<\/a><\/div>\n\n\n\n<div class=\"wp-block-button is-style-email\"><a class=\"wp-block-button__link has-habich-blue-color has-habich-gold-background-color has-text-color has-background has-link-color wp-element-button\" href=\"https:\/\/habichlaw.com\/es\/contactenos\/\">Cont\u00e1ctanos Hoy<\/a><\/div>\n<\/div>\n\n\n<\/div><\/div>\n<\/div>\n\n\n\n<div class=\"wp-block-group post-content is-layout-flow wp-block-group-is-layout-flow\">\n<h2 class=\"wp-block-heading\">VAWA para Miembros de la Familia Abusados<\/h2>\n\n\n\n<p style=\"margin-top:var(--wp--preset--spacing--40)\">La Ley de Violencia Contra la Mujer (VAWA) permite que un c\u00f3nyuge, hijo o padre abusado de un ciudadano estadounidense o residente permanente legal presente una petici\u00f3n de visa de inmigrante por su cuenta, sin el conocimiento del abusador. Tanto mujeres como hombres pueden presentar una petici\u00f3n de visa de inmigrante bajo VAWA. Una vez que el solicitante ha sido colocado en acci\u00f3n diferida, puede solicitar trabajar en los Estados Unidos.<\/p>\n\n\n\n<h2 class=\"wp-block-heading\" style=\"margin-top:var(--wp--preset--spacing--70)\">Entorno Confidencial y Seguro<\/h2>\n\n\n\n<p style=\"margin-top:var(--wp--preset--spacing--40)\">Habich Law proporciona un entorno confidencial y seguro para que compartas tus experiencias, asegurando que tu privacidad sea respetada durante todo el proceso.<\/p>\n\n\n\n<h2 class=\"wp-block-heading\" style=\"margin-top:var(--wp--preset--spacing--70)\">Orientaci\u00f3n Legal Experta<\/h2>\n\n\n\n<p style=\"margin-top:var(--wp--preset--spacing--40)\">La orientaci\u00f3n legal experta de Habich Law te ayudar\u00e1 a trav\u00e9s del proceso de auto-petici\u00f3n, asegurando que tu solicitud sea completa y est\u00e9 respaldada por evidencia s\u00f3lida.<\/p>\n\n\n\n<h2 class=\"wp-block-heading\" style=\"margin-top:var(--wp--preset--spacing--70)\">Apoyo Integral<\/h2>\n\n\n\n<p style=\"margin-top:var(--wp--preset--spacing--40)\">Desde la recopilaci\u00f3n de documentaci\u00f3n hasta la preparaci\u00f3n para entrevistas, Habich Law ofrece un apoyo integral para ayudarte a obtener la protecci\u00f3n y el alivio que mereces.<\/p>\n\n\n\n<div class=\"wp-block-group cta-post-contact has-white-color has-habich-blue-background-color has-text-color has-background has-link-color wp-elements-8416117234b792484d6bf3e4a774990a is-layout-flow wp-block-group-is-layout-flow\" style=\"margin-top:var(--wp--preset--spacing--70)\">\n<h3 class=\"wp-block-heading has-text-align-center has-white-color has-text-color has-link-color wp-elements-091039197bb5cf288f084c75fe042b4e\">Cont\u00e1ctanos en Habich Law para asistirte con el proceso de solicitud de VAWA para miembros de la familia abusados.<\/h3>\n\n\n\n<div class=\"wp-block-buttons is-content-justification-center is-layout-flex wp-container-core-buttons-is-layout-16018d1d wp-block-buttons-is-layout-flex\">\n<div class=\"wp-block-button is-style-arrow\"><a class=\"wp-block-button__link has-habich-blue-color has-habich-gold-background-color has-text-color has-background has-link-color wp-element-button\" href=\"https:\/\/habichlaw.com\/es\/contactenos\/\">Programa una Consulta<\/a><\/div>\n<\/div>\n\n\n\n<p><a href=\"https:\/\/habichlaw.com\/contact\/\"><\/a><\/p>\n<\/div>\n\n\n\n<h2 class=\"wp-block-heading\" style=\"margin-top:var(--wp--preset--spacing--60)\">Requisitos de Elegibilidad para un C\u00f3nyuge:<\/h2>\n\n\n\n<ol class=\"wp-block-list\" style=\"margin-top:var(--wp--preset--spacing--40)\">\n<li>Relaci\u00f3n conyugal calificada:\n<ul class=\"wp-block-list\">\n<li>Est\u00e1s casado(a) con un ciudadano estadounidense o residente permanente abusador, o<\/li>\n\n\n\n<li>Tu matrimonio con el abusador fue terminado por muerte o divorcio (relacionado con el abuso) dentro de los 2 a\u00f1os anteriores a la presentaci\u00f3n de tu petici\u00f3n, o<\/li>\n\n\n\n<li>Cre\u00edas que estabas legalmente casado(a) con tu c\u00f3nyuge abusivo ciudadano estadounidense o residente permanente, pero el matrimonio no fue leg\u00edtimo \u00fanicamente debido a la bigamia de tu c\u00f3nyuge abusivo.<\/li>\n<\/ul>\n<\/li>\n\n\n\n<li>T\u00fa o tu hijo han sufrido violencia o crueldad extrema por parte de tu c\u00f3nyuge ciudadano estadounidense o residente permanente.<\/li>\n\n\n\n<li>Entraste en el matrimonio de buena fe, no \u00fanicamente para obtener beneficios de inmigraci\u00f3n.<\/li>\n\n\n\n<li>Has residido con tu c\u00f3nyuge.<\/li>\n\n\n\n<li>Eres una persona de buen car\u00e1cter moral.<\/li>\n<\/ol>\n\n\n\n<p style=\"margin-top:var(--wp--preset--spacing--60)\"><strong>El abogado asiste a todas las entrevistas de Ajuste de Estatus ante USCIS con nuestros clientes.<\/strong><\/p>\n<\/div>\n","protected":false},"excerpt":{"rendered":"<p>VAWA para Miembros de la Familia Abusados La Ley de Violencia Contra la Mujer (VAWA) permite que un c\u00f3nyuge, hijo o padre abusado de un ciudadano estadounidense o residente permanente legal presente una petici\u00f3n de visa de inmigrante por su cuenta, sin el conocimiento del abusador. Tanto mujeres como hombres pueden presentar una petici\u00f3n de &hellip; <a href=\"https:\/\/habichlaw.com\/es\/areas-de-practica\/vawa\/\">Continued<\/a><\/p>\n","protected":false},"author":1,"featured_media":823,"parent":726,"menu_order":0,"comment_status":"closed","ping_status":"closed","template":"","meta":{"_acf_changed":false,"footnotes":""},"class_list":["post-771","page","type-page","status-publish","has-post-thumbnail","hentry"],"acf":[],"yoast_head":"<!-- This site is optimized with the Yoast SEO plugin v23.3 - https:\/\/yoast.com\/wordpress\/plugins\/seo\/ -->\n<title>Servicios de Inmigraci\u00f3n VAWA | Habich Law PLC - Phoenix, AZ<\/title>\n<meta name=\"description\" content=\"Busca protecci\u00f3n bajo VAWA con Habich Law PLC en Phoenix. Orientaci\u00f3n legal experta y confidencial para c\u00f3nyuges, hijos y padres abusados.\" \/>\n<meta name=\"robots\" content=\"index, follow, max-snippet:-1, max-image-preview:large, max-video-preview:-1\" \/>\n<link rel=\"canonical\" href=\"https:\/\/habichlaw.com\/es\/areas-de-practica\/vawa\/\" \/>\n<meta property=\"og:locale\" content=\"es_ES\" \/>\n<meta property=\"og:type\" content=\"article\" \/>\n<meta property=\"og:title\" content=\"Servicios de Inmigraci\u00f3n VAWA | Habich Law PLC - Phoenix, AZ\" \/>\n<meta property=\"og:description\" content=\"Busca protecci\u00f3n bajo VAWA con Habich Law PLC en Phoenix. Orientaci\u00f3n legal experta y confidencial para c\u00f3nyuges, hijos y padres abusados.\" \/>\n<meta property=\"og:url\" content=\"https:\/\/habichlaw.com\/es\/areas-de-practica\/vawa\/\" \/>\n<meta property=\"og:site_name\" content=\"Habich Law\" \/>\n<meta property=\"article:modified_time\" content=\"2024-05-27T18:26:21+00:00\" \/>\n<meta property=\"og:image\" content=\"https:\/\/habichlaw.com\/wp-content\/uploads\/2024\/05\/08-1-1.jpg\" \/>\n\t<meta property=\"og:image:width\" content=\"800\" \/>\n\t<meta property=\"og:image:height\" content=\"800\" \/>\n\t<meta property=\"og:image:type\" content=\"image\/jpeg\" \/>\n<meta name=\"twitter:card\" content=\"summary_large_image\" \/>\n<meta name=\"twitter:label1\" content=\"Tiempo de lectura\" \/>\n\t<meta name=\"twitter:data1\" content=\"3 minutos\" \/>\n<script type=\"application\/ld+json\" class=\"yoast-schema-graph\">{\"@context\":\"https:\/\/schema.org\",\"@graph\":[{\"@type\":\"WebPage\",\"@id\":\"https:\/\/habichlaw.com\/es\/areas-de-practica\/vawa\/\",\"url\":\"https:\/\/habichlaw.com\/es\/areas-de-practica\/vawa\/\",\"name\":\"Servicios de Inmigraci\u00f3n VAWA | Habich Law PLC - Phoenix, AZ\",\"isPartOf\":{\"@id\":\"https:\/\/habichlaw.com\/es\/#website\"},\"primaryImageOfPage\":{\"@id\":\"https:\/\/habichlaw.com\/es\/areas-de-practica\/vawa\/#primaryimage\"},\"image\":{\"@id\":\"https:\/\/habichlaw.com\/es\/areas-de-practica\/vawa\/#primaryimage\"},\"thumbnailUrl\":\"https:\/\/habichlaw.com\/wp-content\/uploads\/2024\/05\/08-1-1.jpg\",\"datePublished\":\"2024-05-01T00:22:56+00:00\",\"dateModified\":\"2024-05-27T18:26:21+00:00\",\"description\":\"Busca protecci\u00f3n bajo VAWA con Habich Law PLC en Phoenix. Orientaci\u00f3n legal experta y confidencial para c\u00f3nyuges, hijos y padres abusados.\",\"breadcrumb\":{\"@id\":\"https:\/\/habichlaw.com\/es\/areas-de-practica\/vawa\/#breadcrumb\"},\"inLanguage\":\"es\",\"potentialAction\":[{\"@type\":\"ReadAction\",\"target\":[\"https:\/\/habichlaw.com\/es\/areas-de-practica\/vawa\/\"]}]},{\"@type\":\"ImageObject\",\"inLanguage\":\"es\",\"@id\":\"https:\/\/habichlaw.com\/es\/areas-de-practica\/vawa\/#primaryimage\",\"url\":\"https:\/\/habichlaw.com\/wp-content\/uploads\/2024\/05\/08-1-1.jpg\",\"contentUrl\":\"https:\/\/habichlaw.com\/wp-content\/uploads\/2024\/05\/08-1-1.jpg\",\"width\":800,\"height\":800},{\"@type\":\"BreadcrumbList\",\"@id\":\"https:\/\/habichlaw.com\/es\/areas-de-practica\/vawa\/#breadcrumb\",\"itemListElement\":[{\"@type\":\"ListItem\",\"position\":1,\"name\":\"Home\",\"item\":\"https:\/\/habichlaw.com\/es\/\"},{\"@type\":\"ListItem\",\"position\":2,\"name\":\"\u00c1reas de Pr\u00e1ctica\",\"item\":\"https:\/\/habichlaw.com\/es\/practice-areas\/\"},{\"@type\":\"ListItem\",\"position\":3,\"name\":\"VAWA\"}]},{\"@type\":\"WebSite\",\"@id\":\"https:\/\/habichlaw.com\/es\/#website\",\"url\":\"https:\/\/habichlaw.com\/es\/\",\"name\":\"Habich Law\",\"description\":\"\",\"potentialAction\":[{\"@type\":\"SearchAction\",\"target\":{\"@type\":\"EntryPoint\",\"urlTemplate\":\"https:\/\/habichlaw.com\/es\/?s={search_term_string}\"},\"query-input\":\"required name=search_term_string\"}],\"inLanguage\":\"es\"}]}<\/script>\n<!-- \/ Yoast SEO plugin. -->","yoast_head_json":{"title":"Servicios de Inmigraci\u00f3n VAWA | Habich Law PLC - Phoenix, AZ","description":"Busca protecci\u00f3n bajo VAWA con Habich Law PLC en Phoenix. Orientaci\u00f3n legal experta y confidencial para c\u00f3nyuges, hijos y padres abusados.","robots":{"index":"index","follow":"follow","max-snippet":"max-snippet:-1","max-image-preview":"max-image-preview:large","max-video-preview":"max-video-preview:-1"},"canonical":"https:\/\/habichlaw.com\/es\/areas-de-practica\/vawa\/","og_locale":"es_ES","og_type":"article","og_title":"Servicios de Inmigraci\u00f3n VAWA | Habich Law PLC - Phoenix, AZ","og_description":"Busca protecci\u00f3n bajo VAWA con Habich Law PLC en Phoenix. Orientaci\u00f3n legal experta y confidencial para c\u00f3nyuges, hijos y padres abusados.","og_url":"https:\/\/habichlaw.com\/es\/areas-de-practica\/vawa\/","og_site_name":"Habich Law","article_modified_time":"2024-05-27T18:26:21+00:00","og_image":[{"width":800,"height":800,"url":"https:\/\/habichlaw.com\/wp-content\/uploads\/2024\/05\/08-1-1.jpg","type":"image\/jpeg"}],"twitter_card":"summary_large_image","twitter_misc":{"Tiempo de lectura":"3 minutos"},"schema":{"@context":"https:\/\/schema.org","@graph":[{"@type":"WebPage","@id":"https:\/\/habichlaw.com\/es\/areas-de-practica\/vawa\/","url":"https:\/\/habichlaw.com\/es\/areas-de-practica\/vawa\/","name":"Servicios de Inmigraci\u00f3n VAWA | Habich Law PLC - Phoenix, AZ","isPartOf":{"@id":"https:\/\/habichlaw.com\/es\/#website"},"primaryImageOfPage":{"@id":"https:\/\/habichlaw.com\/es\/areas-de-practica\/vawa\/#primaryimage"},"image":{"@id":"https:\/\/habichlaw.com\/es\/areas-de-practica\/vawa\/#primaryimage"},"thumbnailUrl":"https:\/\/habichlaw.com\/wp-content\/uploads\/2024\/05\/08-1-1.jpg","datePublished":"2024-05-01T00:22:56+00:00","dateModified":"2024-05-27T18:26:21+00:00","description":"Busca protecci\u00f3n bajo VAWA con Habich Law PLC en Phoenix. Orientaci\u00f3n legal experta y confidencial para c\u00f3nyuges, hijos y padres abusados.","breadcrumb":{"@id":"https:\/\/habichlaw.com\/es\/areas-de-practica\/vawa\/#breadcrumb"},"inLanguage":"es","potentialAction":[{"@type":"ReadAction","target":["https:\/\/habichlaw.com\/es\/areas-de-practica\/vawa\/"]}]},{"@type":"ImageObject","inLanguage":"es","@id":"https:\/\/habichlaw.com\/es\/areas-de-practica\/vawa\/#primaryimage","url":"https:\/\/habichlaw.com\/wp-content\/uploads\/2024\/05\/08-1-1.jpg","contentUrl":"https:\/\/habichlaw.com\/wp-content\/uploads\/2024\/05\/08-1-1.jpg","width":800,"height":800},{"@type":"BreadcrumbList","@id":"https:\/\/habichlaw.com\/es\/areas-de-practica\/vawa\/#breadcrumb","itemListElement":[{"@type":"ListItem","position":1,"name":"Home","item":"https:\/\/habichlaw.com\/es\/"},{"@type":"ListItem","position":2,"name":"\u00c1reas de Pr\u00e1ctica","item":"https:\/\/habichlaw.com\/es\/practice-areas\/"},{"@type":"ListItem","position":3,"name":"VAWA"}]},{"@type":"WebSite","@id":"https:\/\/habichlaw.com\/es\/#website","url":"https:\/\/habichlaw.com\/es\/","name":"Habich Law","description":"","potentialAction":[{"@type":"SearchAction","target":{"@type":"EntryPoint","urlTemplate":"https:\/\/habichlaw.com\/es\/?s={search_term_string}"},"query-input":"required name=search_term_string"}],"inLanguage":"es"}]}},"_links":{"self":[{"href":"https:\/\/habichlaw.com\/es\/wp-json\/wp\/v2\/pages\/771","targetHints":{"allow":["GET"]}}],"collection":[{"href":"https:\/\/habichlaw.com\/es\/wp-json\/wp\/v2\/pages"}],"about":[{"href":"https:\/\/habichlaw.com\/es\/wp-json\/wp\/v2\/types\/page"}],"author":[{"embeddable":true,"href":"https:\/\/habichlaw.com\/es\/wp-json\/wp\/v2\/users\/1"}],"replies":[{"embeddable":true,"href":"https:\/\/habichlaw.com\/es\/wp-json\/wp\/v2\/comments?post=771"}],"version-history":[{"count":2,"href":"https:\/\/habichlaw.com\/es\/wp-json\/wp\/v2\/pages\/771\/revisions"}],"predecessor-version":[{"id":774,"href":"https:\/\/habichlaw.com\/es\/wp-json\/wp\/v2\/pages\/771\/revisions\/774"}],"up":[{"embeddable":true,"href":"https:\/\/habichlaw.com\/es\/wp-json\/wp\/v2\/pages\/726"}],"wp:featuredmedia":[{"embeddable":true,"href":"https:\/\/habichlaw.com\/es\/wp-json\/wp\/v2\/media\/823"}],"wp:attachment":[{"href":"https:\/\/habichlaw.com\/es\/wp-json\/wp\/v2\/media?parent=771"}],"curies":[{"name":"wp","href":"https:\/\/api.w.org\/{rel}","templated":true}]}}