{"id":767,"date":"2024-05-01T00:22:33","date_gmt":"2024-05-01T00:22:33","guid":{"rendered":"https:\/\/habichlaw.com\/areas-de-practica\/u-visas\/"},"modified":"2024-05-27T18:22:50","modified_gmt":"2024-05-27T18:22:50","slug":"u-visas","status":"publish","type":"page","link":"https:\/\/habichlaw.com\/es\/areas-de-practica\/u-visas\/","title":{"rendered":"U Visas"},"content":{"rendered":"\n<div class=\"wp-block-group page-hero is-layout-flow wp-block-group-is-layout-flow\">\n<div class=\"wp-block-cover\"><span aria-hidden=\"true\" class=\"wp-block-cover__background has-background-dim-0 has-background-dim\" style=\"background-color:#423a35\"><\/span><img loading=\"lazy\" decoding=\"async\" width=\"1920\" height=\"1080\" class=\"wp-block-cover__image-background wp-image-431\" alt=\"\" src=\"https:\/\/habichlaw.com\/wp-content\/uploads\/2024\/05\/uvisas.jpg\" data-object-fit=\"cover\" srcset=\"https:\/\/habichlaw.com\/wp-content\/uploads\/2024\/05\/uvisas.jpg 1920w, https:\/\/habichlaw.com\/wp-content\/uploads\/2024\/05\/uvisas-300x169.jpg 300w, https:\/\/habichlaw.com\/wp-content\/uploads\/2024\/05\/uvisas-1024x576.jpg 1024w, https:\/\/habichlaw.com\/wp-content\/uploads\/2024\/05\/uvisas-768x432.jpg 768w, https:\/\/habichlaw.com\/wp-content\/uploads\/2024\/05\/uvisas-1536x864.jpg 1536w\" sizes=\"auto, (max-width: 1920px) 100vw, 1920px\" \/><div class=\"wp-block-cover__inner-container is-layout-constrained wp-block-cover-is-layout-constrained\">\n<h1 class=\"wp-block-heading has-text-align-center has-large-font-size\">U Visas<\/h1>\n\n\n\n<p class=\"has-white-color has-text-color has-link-color wp-elements-65ef8af6fe11370020a785e133e73646\">Si t\u00fa o un ser querido necesita ayuda con una solicitud de Visa U, Habich Law est\u00e1 disponible para ayudar y ofrece una consulta gratuita.<\/p>\n\n\n\n<div class=\"wp-block-buttons is-layout-flex wp-block-buttons-is-layout-flex\" style=\"margin-top:var(--wp--preset--spacing--60)\">\n<div class=\"wp-block-button is-style-phone\"><a class=\"wp-block-button__link has-habich-blue-color has-habich-gold-background-color has-text-color has-background has-link-color wp-element-button\" href=\"tel:602 795 8383\">602 795 8383<\/a><\/div>\n\n\n\n<div class=\"wp-block-button is-style-email\"><a class=\"wp-block-button__link has-habich-blue-color has-habich-gold-background-color has-text-color has-background has-link-color wp-element-button\" href=\"https:\/\/habichlaw.com\/es\/contactenos\/\">Cont\u00e1ctanos Hoy<\/a><\/div>\n<\/div>\n\n\n<\/div><\/div>\n<\/div>\n\n\n\n<div class=\"wp-block-group post-content is-layout-flow wp-block-group-is-layout-flow\">\n<h2 class=\"wp-block-heading\">Visa U para V\u00edctimas de Delitos que Asisten a las Autoridades<\/h2>\n\n\n\n<p style=\"margin-top:var(--wp--preset--spacing--40)\">El estatus de no inmigrante U (visa U) es un estatus espec\u00edficamente para las v\u00edctimas de ciertos delitos que han sufrido abuso mental o f\u00edsico y que son \u00fatiles para las autoridades o funcionarios del gobierno en la investigaci\u00f3n o enjuiciamiento de actividades criminales.<\/p>\n\n\n\n<h2 class=\"wp-block-heading\" style=\"margin-top:var(--wp--preset--spacing--70)\">Comprendiendo la Elegibilidad<\/h2>\n\n\n\n<p style=\"margin-top:var(--wp--preset--spacing--40)\">Habich Law eval\u00faa cuidadosamente tu elegibilidad para una Visa U, asegur\u00e1ndose de que cumplas con todos los criterios y cuentes con la certificaci\u00f3n necesaria de las autoridades.<\/p>\n\n\n\n<h2 class=\"wp-block-heading\" style=\"margin-top:var(--wp--preset--spacing--70)\">Apoyo Compasivo<\/h2>\n\n\n\n<p style=\"margin-top:var(--wp--preset--spacing--40)\">El enfoque compasivo de Habich Law garantiza que te sientas apoyado durante todo el proceso, reconociendo el trauma que puedes haber experimentado.<\/p>\n\n\n\n<div class=\"wp-block-group cta-post-contact has-white-color has-habich-blue-background-color has-text-color has-background has-link-color wp-elements-c91284a662fefdcfa0862dc0d0bff257 is-layout-flow wp-block-group-is-layout-flow\" style=\"margin-top:var(--wp--preset--spacing--70)\">\n<h3 class=\"wp-block-heading has-text-align-center has-white-color has-text-color has-link-color wp-elements-8df757e563fedd85abae047f399ea158\">Cont\u00e1ctanos en Habich Law para asistirte con el proceso de solicitud de Visas U.<\/h3>\n\n\n\n<div class=\"wp-block-buttons is-content-justification-center is-layout-flex wp-container-core-buttons-is-layout-16018d1d wp-block-buttons-is-layout-flex\">\n<div class=\"wp-block-button is-style-arrow\"><a class=\"wp-block-button__link has-habich-blue-color has-habich-gold-background-color has-text-color has-background has-link-color wp-element-button\" href=\"https:\/\/habichlaw.com\/es\/contactenos\/\">Programa una Consulta<\/a><\/div>\n<\/div>\n\n\n\n<p><a href=\"https:\/\/habichlaw.com\/contact\/\"><\/a><\/p>\n<\/div>\n\n\n\n<h2 class=\"wp-block-heading\" style=\"margin-top:var(--wp--preset--spacing--70)\">Preparaci\u00f3n Detallada de la Solicitud<\/h2>\n\n\n\n<p style=\"margin-top:var(--wp--preset--spacing--40)\">Preparamos meticulosamente tu solicitud de Visa U, asegur\u00e1ndonos de que todos los formularios y documentos de respaldo est\u00e9n completos y sean convincentes.<\/p>\n\n\n\n<p>El Congreso cre\u00f3 la visa de no inmigrante U para fortalecer la capacidad de las agencias de aplicaci\u00f3n de la ley para investigar y procesar casos de violencia dom\u00e9stica, agresi\u00f3n sexual, tr\u00e1fico de no ciudadanos y otros delitos, mientras se protege y sirve mejor a las v\u00edctimas de delitos que han sufrido un abuso mental o f\u00edsico sustancial debido al delito y est\u00e1n dispuestas a ayudar a las autoridades en la investigaci\u00f3n o procesamiento de la actividad criminal.<\/p>\n\n\n\n<p>Puedes ser elegible para una visa de no inmigrante U si:<\/p>\n\n\n\n<ul class=\"wp-block-list\">\n<li>Eres v\u00edctima de una actividad criminal calificada.<\/li>\n\n\n\n<li>Has sufrido un abuso f\u00edsico o mental sustancial debido a haber sido v\u00edctima de actividad criminal.<\/li>\n\n\n\n<li>Tienes informaci\u00f3n sobre la actividad criminal. Si tienes menos de 16 a\u00f1os o no puedes proporcionar informaci\u00f3n debido a una discapacidad, un padre, tutor o amigo cercano puede poseer la informaci\u00f3n sobre el crimen en tu nombre.<\/li>\n\n\n\n<li>Fuiste \u00fatil, eres \u00fatil o es probable que seas \u00fatil para las autoridades en la investigaci\u00f3n o procesamiento del delito. Si tienes menos de 16 a\u00f1os o no puedes proporcionar informaci\u00f3n debido a una discapacidad, un padre, tutor o amigo cercano puede asistir a las autoridades en tu nombre.<\/li>\n\n\n\n<li>El delito ocurri\u00f3 en los Estados Unidos o viol\u00f3 las leyes estadounidenses.<\/li>\n\n\n\n<li>Eres admisible a los Estados Unidos. Si no eres admisible, puedes solicitar una exenci\u00f3n en el Formulario I-192, Solicitud de Permiso Avanzado para Entrar como No Inmigrante.<\/li>\n<\/ul>\n\n\n\n<p>Desafortunadamente, hay un l\u00edmite de 10,000 visas U cada a\u00f1o. Este l\u00edmite arbitrario ha causado un retraso extremadamente largo de m\u00e1s de cinco a\u00f1os antes de que USCIS pueda emitir el estatus de Visa U a las personas.<\/p>\n\n\n\n<p>Sin embargo, aunque el l\u00edmite se alcanza generalmente cada a\u00f1o, en junio de 2021 USCIS implement\u00f3 un \u00abproceso de determinaci\u00f3n de buena fe\u00bb. Este proceso permite una revisi\u00f3n inicial de la petici\u00f3n de visa U, y si el peticionario principal recibe una determinaci\u00f3n de buena fe y merece un ejercicio favorable de discreci\u00f3n, USCIS les emitir\u00e1 a ellos y a sus familiares derivados que vivan en los Estados Unidos una autorizaci\u00f3n de empleo y acci\u00f3n diferida mientras esperan la adjudicaci\u00f3n final de su petici\u00f3n bajo el l\u00edmite anual establecido por la ley.<\/p>\n\n\n\n<p>Si el solicitante principal tiene menos de 21 a\u00f1os, los siguientes familiares pueden calificar: el c\u00f3nyuge del principal, hijos, hermanos solteros menores de 18 a\u00f1os (en la fecha de presentaci\u00f3n de la petici\u00f3n del principal) y padres. Si el solicitante principal tiene m\u00e1s de 21 a\u00f1os, solo el c\u00f3nyuge y los hijos del principal pueden ser incluidos.<\/p>\n\n\n\n<p>USCIS generalmente otorga el estatus de visa U por cuatro a\u00f1os. Despu\u00e9s de eso, las personas pueden ser elegibles para solicitar una tarjeta verde (ajuste de estatus\/residencia permanente) si cumplen con los siguientes requisitos:<\/p>\n\n\n\n<ol class=\"wp-block-list\">\n<li>Has estado f\u00edsicamente presente en los Estados Unidos por un per\u00edodo continuo de al menos tres a\u00f1os mientras ten\u00edas el estatus de no inmigrante U.<\/li>\n\n\n\n<li>No te has negado de manera irrazonable a proporcionar asistencia a las autoridades desde que recibiste tu visa U.<\/li>\n<\/ol>\n<\/div>\n","protected":false},"excerpt":{"rendered":"<p>Visa U para V\u00edctimas de Delitos que Asisten a las Autoridades El estatus de no inmigrante U (visa U) es un estatus espec\u00edficamente para las v\u00edctimas de ciertos delitos que han sufrido abuso mental o f\u00edsico y que son \u00fatiles para las autoridades o funcionarios del gobierno en la investigaci\u00f3n o enjuiciamiento de actividades criminales. &hellip; <a href=\"https:\/\/habichlaw.com\/es\/areas-de-practica\/u-visas\/\">Continued<\/a><\/p>\n","protected":false},"author":1,"featured_media":820,"parent":726,"menu_order":0,"comment_status":"closed","ping_status":"closed","template":"","meta":{"_acf_changed":false,"footnotes":""},"class_list":["post-767","page","type-page","status-publish","has-post-thumbnail","hentry"],"acf":[],"yoast_head":"<!-- This site is optimized with the Yoast SEO plugin v23.3 - https:\/\/yoast.com\/wordpress\/plugins\/seo\/ -->\n<title>Visas U para V\u00edctimas de Crimen | Habich Law PLC - Phoenix, AZ<\/title>\n<meta name=\"description\" content=\"Solicitudes de Visa U para v\u00edctimas de delitos en Habich Law PLC en Phoenix. Proporcionamos apoyo compasivo y preparaci\u00f3n detallada de la solicitud.\" \/>\n<meta name=\"robots\" content=\"index, follow, max-snippet:-1, max-image-preview:large, max-video-preview:-1\" \/>\n<link rel=\"canonical\" href=\"https:\/\/habichlaw.com\/es\/areas-de-practica\/u-visas\/\" \/>\n<meta property=\"og:locale\" content=\"es_ES\" \/>\n<meta property=\"og:type\" content=\"article\" \/>\n<meta property=\"og:title\" content=\"Visas U para V\u00edctimas de Crimen | Habich Law PLC - Phoenix, AZ\" \/>\n<meta property=\"og:description\" content=\"Solicitudes de Visa U para v\u00edctimas de delitos en Habich Law PLC en Phoenix. Proporcionamos apoyo compasivo y preparaci\u00f3n detallada de la solicitud.\" \/>\n<meta property=\"og:url\" content=\"https:\/\/habichlaw.com\/es\/areas-de-practica\/u-visas\/\" \/>\n<meta property=\"og:site_name\" content=\"Habich Law\" \/>\n<meta property=\"article:modified_time\" content=\"2024-05-27T18:22:50+00:00\" \/>\n<meta property=\"og:image\" content=\"https:\/\/habichlaw.com\/wp-content\/uploads\/2024\/05\/07-1-1.jpg\" \/>\n\t<meta property=\"og:image:width\" content=\"800\" \/>\n\t<meta property=\"og:image:height\" content=\"800\" \/>\n\t<meta property=\"og:image:type\" content=\"image\/jpeg\" \/>\n<meta name=\"twitter:card\" content=\"summary_large_image\" \/>\n<meta name=\"twitter:label1\" content=\"Tiempo de lectura\" \/>\n\t<meta name=\"twitter:data1\" content=\"4 minutos\" \/>\n<script type=\"application\/ld+json\" class=\"yoast-schema-graph\">{\"@context\":\"https:\/\/schema.org\",\"@graph\":[{\"@type\":\"WebPage\",\"@id\":\"https:\/\/habichlaw.com\/es\/areas-de-practica\/u-visas\/\",\"url\":\"https:\/\/habichlaw.com\/es\/areas-de-practica\/u-visas\/\",\"name\":\"Visas U para V\u00edctimas de Crimen | Habich Law PLC - Phoenix, AZ\",\"isPartOf\":{\"@id\":\"https:\/\/habichlaw.com\/es\/#website\"},\"primaryImageOfPage\":{\"@id\":\"https:\/\/habichlaw.com\/es\/areas-de-practica\/u-visas\/#primaryimage\"},\"image\":{\"@id\":\"https:\/\/habichlaw.com\/es\/areas-de-practica\/u-visas\/#primaryimage\"},\"thumbnailUrl\":\"https:\/\/habichlaw.com\/wp-content\/uploads\/2024\/05\/07-1-1.jpg\",\"datePublished\":\"2024-05-01T00:22:33+00:00\",\"dateModified\":\"2024-05-27T18:22:50+00:00\",\"description\":\"Solicitudes de Visa U para v\u00edctimas de delitos en Habich Law PLC en Phoenix. Proporcionamos apoyo compasivo y preparaci\u00f3n detallada de la solicitud.\",\"breadcrumb\":{\"@id\":\"https:\/\/habichlaw.com\/es\/areas-de-practica\/u-visas\/#breadcrumb\"},\"inLanguage\":\"es\",\"potentialAction\":[{\"@type\":\"ReadAction\",\"target\":[\"https:\/\/habichlaw.com\/es\/areas-de-practica\/u-visas\/\"]}]},{\"@type\":\"ImageObject\",\"inLanguage\":\"es\",\"@id\":\"https:\/\/habichlaw.com\/es\/areas-de-practica\/u-visas\/#primaryimage\",\"url\":\"https:\/\/habichlaw.com\/wp-content\/uploads\/2024\/05\/07-1-1.jpg\",\"contentUrl\":\"https:\/\/habichlaw.com\/wp-content\/uploads\/2024\/05\/07-1-1.jpg\",\"width\":800,\"height\":800},{\"@type\":\"BreadcrumbList\",\"@id\":\"https:\/\/habichlaw.com\/es\/areas-de-practica\/u-visas\/#breadcrumb\",\"itemListElement\":[{\"@type\":\"ListItem\",\"position\":1,\"name\":\"Home\",\"item\":\"https:\/\/habichlaw.com\/es\/\"},{\"@type\":\"ListItem\",\"position\":2,\"name\":\"\u00c1reas de Pr\u00e1ctica\",\"item\":\"https:\/\/habichlaw.com\/es\/practice-areas\/\"},{\"@type\":\"ListItem\",\"position\":3,\"name\":\"U Visas\"}]},{\"@type\":\"WebSite\",\"@id\":\"https:\/\/habichlaw.com\/es\/#website\",\"url\":\"https:\/\/habichlaw.com\/es\/\",\"name\":\"Habich Law\",\"description\":\"\",\"potentialAction\":[{\"@type\":\"SearchAction\",\"target\":{\"@type\":\"EntryPoint\",\"urlTemplate\":\"https:\/\/habichlaw.com\/es\/?s={search_term_string}\"},\"query-input\":\"required name=search_term_string\"}],\"inLanguage\":\"es\"}]}<\/script>\n<!-- \/ Yoast SEO plugin. -->","yoast_head_json":{"title":"Visas U para V\u00edctimas de Crimen | Habich Law PLC - Phoenix, AZ","description":"Solicitudes de Visa U para v\u00edctimas de delitos en Habich Law PLC en Phoenix. Proporcionamos apoyo compasivo y preparaci\u00f3n detallada de la solicitud.","robots":{"index":"index","follow":"follow","max-snippet":"max-snippet:-1","max-image-preview":"max-image-preview:large","max-video-preview":"max-video-preview:-1"},"canonical":"https:\/\/habichlaw.com\/es\/areas-de-practica\/u-visas\/","og_locale":"es_ES","og_type":"article","og_title":"Visas U para V\u00edctimas de Crimen | Habich Law PLC - Phoenix, AZ","og_description":"Solicitudes de Visa U para v\u00edctimas de delitos en Habich Law PLC en Phoenix. Proporcionamos apoyo compasivo y preparaci\u00f3n detallada de la solicitud.","og_url":"https:\/\/habichlaw.com\/es\/areas-de-practica\/u-visas\/","og_site_name":"Habich Law","article_modified_time":"2024-05-27T18:22:50+00:00","og_image":[{"width":800,"height":800,"url":"https:\/\/habichlaw.com\/wp-content\/uploads\/2024\/05\/07-1-1.jpg","type":"image\/jpeg"}],"twitter_card":"summary_large_image","twitter_misc":{"Tiempo de lectura":"4 minutos"},"schema":{"@context":"https:\/\/schema.org","@graph":[{"@type":"WebPage","@id":"https:\/\/habichlaw.com\/es\/areas-de-practica\/u-visas\/","url":"https:\/\/habichlaw.com\/es\/areas-de-practica\/u-visas\/","name":"Visas U para V\u00edctimas de Crimen | Habich Law PLC - Phoenix, AZ","isPartOf":{"@id":"https:\/\/habichlaw.com\/es\/#website"},"primaryImageOfPage":{"@id":"https:\/\/habichlaw.com\/es\/areas-de-practica\/u-visas\/#primaryimage"},"image":{"@id":"https:\/\/habichlaw.com\/es\/areas-de-practica\/u-visas\/#primaryimage"},"thumbnailUrl":"https:\/\/habichlaw.com\/wp-content\/uploads\/2024\/05\/07-1-1.jpg","datePublished":"2024-05-01T00:22:33+00:00","dateModified":"2024-05-27T18:22:50+00:00","description":"Solicitudes de Visa U para v\u00edctimas de delitos en Habich Law PLC en Phoenix. Proporcionamos apoyo compasivo y preparaci\u00f3n detallada de la solicitud.","breadcrumb":{"@id":"https:\/\/habichlaw.com\/es\/areas-de-practica\/u-visas\/#breadcrumb"},"inLanguage":"es","potentialAction":[{"@type":"ReadAction","target":["https:\/\/habichlaw.com\/es\/areas-de-practica\/u-visas\/"]}]},{"@type":"ImageObject","inLanguage":"es","@id":"https:\/\/habichlaw.com\/es\/areas-de-practica\/u-visas\/#primaryimage","url":"https:\/\/habichlaw.com\/wp-content\/uploads\/2024\/05\/07-1-1.jpg","contentUrl":"https:\/\/habichlaw.com\/wp-content\/uploads\/2024\/05\/07-1-1.jpg","width":800,"height":800},{"@type":"BreadcrumbList","@id":"https:\/\/habichlaw.com\/es\/areas-de-practica\/u-visas\/#breadcrumb","itemListElement":[{"@type":"ListItem","position":1,"name":"Home","item":"https:\/\/habichlaw.com\/es\/"},{"@type":"ListItem","position":2,"name":"\u00c1reas de Pr\u00e1ctica","item":"https:\/\/habichlaw.com\/es\/practice-areas\/"},{"@type":"ListItem","position":3,"name":"U Visas"}]},{"@type":"WebSite","@id":"https:\/\/habichlaw.com\/es\/#website","url":"https:\/\/habichlaw.com\/es\/","name":"Habich Law","description":"","potentialAction":[{"@type":"SearchAction","target":{"@type":"EntryPoint","urlTemplate":"https:\/\/habichlaw.com\/es\/?s={search_term_string}"},"query-input":"required name=search_term_string"}],"inLanguage":"es"}]}},"_links":{"self":[{"href":"https:\/\/habichlaw.com\/es\/wp-json\/wp\/v2\/pages\/767","targetHints":{"allow":["GET"]}}],"collection":[{"href":"https:\/\/habichlaw.com\/es\/wp-json\/wp\/v2\/pages"}],"about":[{"href":"https:\/\/habichlaw.com\/es\/wp-json\/wp\/v2\/types\/page"}],"author":[{"embeddable":true,"href":"https:\/\/habichlaw.com\/es\/wp-json\/wp\/v2\/users\/1"}],"replies":[{"embeddable":true,"href":"https:\/\/habichlaw.com\/es\/wp-json\/wp\/v2\/comments?post=767"}],"version-history":[{"count":2,"href":"https:\/\/habichlaw.com\/es\/wp-json\/wp\/v2\/pages\/767\/revisions"}],"predecessor-version":[{"id":770,"href":"https:\/\/habichlaw.com\/es\/wp-json\/wp\/v2\/pages\/767\/revisions\/770"}],"up":[{"embeddable":true,"href":"https:\/\/habichlaw.com\/es\/wp-json\/wp\/v2\/pages\/726"}],"wp:featuredmedia":[{"embeddable":true,"href":"https:\/\/habichlaw.com\/es\/wp-json\/wp\/v2\/media\/820"}],"wp:attachment":[{"href":"https:\/\/habichlaw.com\/es\/wp-json\/wp\/v2\/media?parent=767"}],"curies":[{"name":"wp","href":"https:\/\/api.w.org\/{rel}","templated":true}]}}