{"id":763,"date":"2024-05-01T00:21:53","date_gmt":"2024-05-01T00:21:53","guid":{"rendered":"https:\/\/habichlaw.com\/areas-de-practica\/nonimmigrant-visas\/"},"modified":"2024-05-27T18:20:31","modified_gmt":"2024-05-27T18:20:31","slug":"visas-de-no-inmigrante","status":"publish","type":"page","link":"https:\/\/habichlaw.com\/es\/areas-de-practica\/visas-de-no-inmigrante\/","title":{"rendered":"Visas de no inmigrante"},"content":{"rendered":"\n<div class=\"wp-block-group page-hero is-layout-flow wp-block-group-is-layout-flow\">\n<div class=\"wp-block-cover\"><span aria-hidden=\"true\" class=\"wp-block-cover__background has-background-dim-0 has-background-dim\" style=\"background-color:#423a35\"><\/span><img loading=\"lazy\" decoding=\"async\" width=\"1920\" height=\"1080\" class=\"wp-block-cover__image-background wp-image-414\" alt=\"\" src=\"https:\/\/habichlaw.com\/wp-content\/uploads\/2024\/05\/visa.jpg\" data-object-fit=\"cover\" srcset=\"https:\/\/habichlaw.com\/wp-content\/uploads\/2024\/05\/visa.jpg 1920w, https:\/\/habichlaw.com\/wp-content\/uploads\/2024\/05\/visa-300x169.jpg 300w, https:\/\/habichlaw.com\/wp-content\/uploads\/2024\/05\/visa-1024x576.jpg 1024w, https:\/\/habichlaw.com\/wp-content\/uploads\/2024\/05\/visa-768x432.jpg 768w, https:\/\/habichlaw.com\/wp-content\/uploads\/2024\/05\/visa-1536x864.jpg 1536w\" sizes=\"auto, (max-width: 1920px) 100vw, 1920px\" \/><div class=\"wp-block-cover__inner-container is-layout-constrained wp-block-cover-is-layout-constrained\">\n<h1 class=\"wp-block-heading has-text-align-center has-large-font-size\">Visas de no inmigrante<\/h1>\n\n\n\n<p class=\"has-white-color has-text-color has-link-color wp-elements-896d959ff05bad653939b7ee9b4d0878\">Las visas de no inmigrante abarcan una amplia gama de estancias temporales en los Estados Unidos con prop\u00f3sitos como turismo, negocios, estudios y trabajo especializado.<\/p>\n\n\n\n<div class=\"wp-block-buttons is-layout-flex wp-block-buttons-is-layout-flex\" style=\"margin-top:var(--wp--preset--spacing--60)\">\n<div class=\"wp-block-button is-style-phone\"><a class=\"wp-block-button__link has-habich-blue-color has-habich-gold-background-color has-text-color has-background has-link-color wp-element-button\" href=\"tel:602 795 8383\">602 795 8383<\/a><\/div>\n\n\n\n<div class=\"wp-block-button is-style-email\"><a class=\"wp-block-button__link has-habich-blue-color has-habich-gold-background-color has-text-color has-background has-link-color wp-element-button\" href=\"https:\/\/habichlaw.com\/es\/contactenos\/\">Cont\u00e1ctanos Hoy<\/a><\/div>\n<\/div>\n\n\n<\/div><\/div>\n<\/div>\n\n\n\n<div class=\"wp-block-group post-content is-layout-flow wp-block-group-is-layout-flow\">\n<h2 class=\"wp-block-heading\" style=\"margin-top:0\">Gu\u00eda de Selecci\u00f3n de Visa<\/h2>\n\n\n\n<p style=\"margin-top:var(--wp--preset--spacing--40)\">Habich Law te ayuda a identificar la categor\u00eda de visa de no inmigrante m\u00e1s apropiada seg\u00fan tus necesidades y objetivos espec\u00edficos, ya sea una visa de turista B-1\/B-2, una visa de estudiante F-1, una visa de trabajo H-1B u otras.<\/p>\n\n\n\n<h2 class=\"wp-block-heading\" style=\"margin-top:var(--wp--preset--spacing--70)\">Preparaci\u00f3n de la Solicitud<\/h2>\n\n\n\n<p style=\"margin-top:var(--wp--preset--spacing--40)\">El enfoque meticuloso de Habich Law asegura que todos los formularios de solicitud se completen con precisi\u00f3n y que los documentos de respaldo sean completos y convincentes.<\/p>\n\n\n\n<h2 class=\"wp-block-heading\" style=\"margin-top:var(--wp--preset--spacing--70)\">Preparaci\u00f3n para la Entrevista<\/h2>\n\n\n\n<p style=\"margin-top:var(--wp--preset--spacing--40);margin-bottom:var(--wp--preset--spacing--40)\">Habich Law ofrece una preparaci\u00f3n integral para la entrevista, ayud\u00e1ndote a comprender qu\u00e9 esperar y c\u00f3mo presentar tu caso de manera efectiva a los oficiales consulares.<\/p>\n\n\n\n<div class=\"wp-block-group cta-post-contact has-white-color has-habich-blue-background-color has-text-color has-background has-link-color wp-elements-3bf86374508fe54907c71f8dfe720738 is-layout-flow wp-block-group-is-layout-flow\" style=\"margin-top:var(--wp--preset--spacing--70)\">\n<h3 class=\"wp-block-heading has-text-align-center has-white-color has-text-color has-link-color wp-elements-55a8200d72e5f01d1d342b9129b99194\">Cont\u00e1ctanos en Habich Law para asistirte con el proceso de solicitud de visas de no inmigrante.<\/h3>\n\n\n\n<div class=\"wp-block-buttons is-content-justification-center is-layout-flex wp-container-core-buttons-is-layout-16018d1d wp-block-buttons-is-layout-flex\">\n<div class=\"wp-block-button is-style-arrow\"><a class=\"wp-block-button__link has-habich-blue-color has-habich-gold-background-color has-text-color has-background has-link-color wp-element-button\" href=\"https:\/\/habichlaw.com\/es\/contactenos\/\">Programa una Consulta<\/a><\/div>\n<\/div>\n\n\n\n<p><a href=\"https:\/\/habichlaw.com\/contact\/\"><\/a><\/p>\n<\/div>\n\n\n\n<h2 class=\"wp-block-heading\" style=\"margin-top:var(--wp--preset--spacing--70)\">Visi\u00f3n General de las Visas de No Inmigrante y Miembros de la Familia Acompa\u00f1antes<\/h2>\n\n\n\n<p style=\"margin-top:var(--wp--preset--spacing--40)\">Las visas de no inmigrante te permiten permanecer temporalmente en los Estados Unidos por un prop\u00f3sito espec\u00edfico. La mayor\u00eda de los no inmigrantes pueden estar acompa\u00f1ados o reunirse con sus c\u00f3nyuges e hijos menores de edad (o dependientes) solteros. Hay muchos tipos diferentes de visas de no inmigrante; sin embargo, algunas de las m\u00e1s comunes se enumeran a continuaci\u00f3n:<\/p>\n\n\n\n<h3 class=\"wp-block-heading\" style=\"margin-top:var(--wp--preset--spacing--60)\">Visas de Inversionista E-2<\/h3>\n\n\n\n<p style=\"margin-top:0\">Las visas de inversionista E-2 permiten a los ciudadanos de un pa\u00eds que forma parte de un tratado de comercio con los EE. UU. ingresar a los Estados Unidos para dirigir y desarrollar una empresa comercial o negocio en el que han invertido una cantidad sustancial de dinero o capital.<\/p>\n\n\n\n<h3 class=\"wp-block-heading\" style=\"margin-top:var(--wp--preset--spacing--60)\">Visas H-1B<\/h3>\n\n\n\n<p style=\"margin-top:0\">La visa H-1B es una visa de trabajo temporal disponible para individuos con al menos un t\u00edtulo universitario o su equivalente cuando dicho t\u00edtulo es requerido para realizar el trabajo. Una visa H-1B otorga al solicitante permiso para permanecer en los Estados Unidos para realizar un trabajo espec\u00edfico para un empleador espec\u00edfico por un per\u00edodo limitado de tiempo.<\/p>\n\n\n\n<h3 class=\"wp-block-heading\" style=\"margin-top:var(--wp--preset--spacing--60)\">Visas L<\/h3>\n\n\n\n<p style=\"margin-top:0\">Las visas L est\u00e1n disponibles para ciertos empleados de empresas extranjeras que vienen a los Estados Unidos para trabajar en una empresa afiliada. El individuo debe haber trabajado como ejecutivo o gerente, o en un puesto que requiera conocimientos especializados, durante al menos un a\u00f1o de los tres a\u00f1os anteriores antes de venir a los Estados Unidos.<\/p>\n\n\n\n<h3 class=\"wp-block-heading\" style=\"margin-top:var(--wp--preset--spacing--60)\">Visas O<\/h3>\n\n\n\n<p style=\"margin-top:0\">Las visas O est\u00e1n disponibles para individuos con habilidades extraordinarias en ciencias, artes, educaci\u00f3n, negocios o atletismo. Los solicitantes deben demostrar evidencia de reconocimiento nacional o internacional sostenido. Las visas O tambi\u00e9n est\u00e1n disponibles para las personas que acompa\u00f1an a estos individuos y que son esenciales para el desempe\u00f1o y poseen las habilidades y la experiencia para ayudarlos.<\/p>\n\n\n\n<h3 class=\"wp-block-heading\" style=\"margin-top:var(--wp--preset--spacing--60)\">Visas TN<\/h3>\n\n\n\n<p style=\"margin-top:0\">Las visas TN solo est\u00e1n disponibles para ciudadanos de Canad\u00e1 y M\u00e9xico que est\u00e9n en profesiones espec\u00edficas o involucrados en actividades comerciales espec\u00edficas.<\/p>\n\n\n\n<h3 class=\"wp-block-heading\" style=\"margin-top:var(--wp--preset--spacing--60)\">Visas R<\/h3>\n\n\n\n<p style=\"margin-top:0\">Las visas R son para trabajadores religiosos que generalmente desempe\u00f1an funciones del clero de esa religi\u00f3n, o son trabajadores que se dedican a una ocupaci\u00f3n o vocaci\u00f3n religiosa para una organizaci\u00f3n religiosa leg\u00edtima y sin fines de lucro. El solicitante debe haber sido miembro de la organizaci\u00f3n religiosa durante al menos dos a\u00f1os antes de su solicitud.<\/p>\n<\/div>\n","protected":false},"excerpt":{"rendered":"<p>Gu\u00eda de Selecci\u00f3n de Visa Habich Law te ayuda a identificar la categor\u00eda de visa de no inmigrante m\u00e1s apropiada seg\u00fan tus necesidades y objetivos espec\u00edficos, ya sea una visa de turista B-1\/B-2, una visa de estudiante F-1, una visa de trabajo H-1B u otras. Preparaci\u00f3n de la Solicitud El enfoque meticuloso de Habich Law &hellip; <a href=\"https:\/\/habichlaw.com\/es\/areas-de-practica\/visas-de-no-inmigrante\/\">Continued<\/a><\/p>\n","protected":false},"author":1,"featured_media":817,"parent":726,"menu_order":0,"comment_status":"closed","ping_status":"closed","template":"","meta":{"_acf_changed":false,"footnotes":""},"class_list":["post-763","page","type-page","status-publish","has-post-thumbnail","hentry"],"acf":[],"yoast_head":"<!-- This site is optimized with the Yoast SEO plugin v23.3 - https:\/\/yoast.com\/wordpress\/plugins\/seo\/ -->\n<title>Visas de No Inmigrante | Habich Law PLC - Phoenix, AZ<\/title>\n<meta name=\"description\" content=\"Navega el proceso de visas de no inmigrante de los USA con Habich Law en Phoenix. Selecci\u00f3n de visa, la solicitud y la preparaci\u00f3n para la entrevista\" \/>\n<meta name=\"robots\" content=\"index, follow, max-snippet:-1, max-image-preview:large, max-video-preview:-1\" \/>\n<link rel=\"canonical\" href=\"https:\/\/habichlaw.com\/es\/areas-de-practica\/visas-de-no-inmigrante\/\" \/>\n<meta property=\"og:locale\" content=\"es_ES\" \/>\n<meta property=\"og:type\" content=\"article\" \/>\n<meta property=\"og:title\" content=\"Visas de No Inmigrante | Habich Law PLC - Phoenix, AZ\" \/>\n<meta property=\"og:description\" content=\"Navega el proceso de visas de no inmigrante de los USA con Habich Law en Phoenix. Selecci\u00f3n de visa, la solicitud y la preparaci\u00f3n para la entrevista\" \/>\n<meta property=\"og:url\" content=\"https:\/\/habichlaw.com\/es\/areas-de-practica\/visas-de-no-inmigrante\/\" \/>\n<meta property=\"og:site_name\" content=\"Habich Law\" \/>\n<meta property=\"article:modified_time\" content=\"2024-05-27T18:20:31+00:00\" \/>\n<meta property=\"og:image\" content=\"https:\/\/habichlaw.com\/wp-content\/uploads\/2024\/05\/05-1-1.jpg\" \/>\n\t<meta property=\"og:image:width\" content=\"800\" \/>\n\t<meta property=\"og:image:height\" content=\"800\" \/>\n\t<meta property=\"og:image:type\" content=\"image\/jpeg\" \/>\n<meta name=\"twitter:card\" content=\"summary_large_image\" \/>\n<meta name=\"twitter:label1\" content=\"Tiempo de lectura\" \/>\n\t<meta name=\"twitter:data1\" content=\"3 minutos\" \/>\n<script type=\"application\/ld+json\" class=\"yoast-schema-graph\">{\"@context\":\"https:\/\/schema.org\",\"@graph\":[{\"@type\":\"WebPage\",\"@id\":\"https:\/\/habichlaw.com\/es\/areas-de-practica\/visas-de-no-inmigrante\/\",\"url\":\"https:\/\/habichlaw.com\/es\/areas-de-practica\/visas-de-no-inmigrante\/\",\"name\":\"Visas de No Inmigrante | Habich Law PLC - Phoenix, AZ\",\"isPartOf\":{\"@id\":\"https:\/\/habichlaw.com\/es\/#website\"},\"primaryImageOfPage\":{\"@id\":\"https:\/\/habichlaw.com\/es\/areas-de-practica\/visas-de-no-inmigrante\/#primaryimage\"},\"image\":{\"@id\":\"https:\/\/habichlaw.com\/es\/areas-de-practica\/visas-de-no-inmigrante\/#primaryimage\"},\"thumbnailUrl\":\"https:\/\/habichlaw.com\/wp-content\/uploads\/2024\/05\/05-1-1.jpg\",\"datePublished\":\"2024-05-01T00:21:53+00:00\",\"dateModified\":\"2024-05-27T18:20:31+00:00\",\"description\":\"Navega el proceso de visas de no inmigrante de los USA con Habich Law en Phoenix. Selecci\u00f3n de visa, la solicitud y la preparaci\u00f3n para la entrevista\",\"breadcrumb\":{\"@id\":\"https:\/\/habichlaw.com\/es\/areas-de-practica\/visas-de-no-inmigrante\/#breadcrumb\"},\"inLanguage\":\"es\",\"potentialAction\":[{\"@type\":\"ReadAction\",\"target\":[\"https:\/\/habichlaw.com\/es\/areas-de-practica\/visas-de-no-inmigrante\/\"]}]},{\"@type\":\"ImageObject\",\"inLanguage\":\"es\",\"@id\":\"https:\/\/habichlaw.com\/es\/areas-de-practica\/visas-de-no-inmigrante\/#primaryimage\",\"url\":\"https:\/\/habichlaw.com\/wp-content\/uploads\/2024\/05\/05-1-1.jpg\",\"contentUrl\":\"https:\/\/habichlaw.com\/wp-content\/uploads\/2024\/05\/05-1-1.jpg\",\"width\":800,\"height\":800},{\"@type\":\"BreadcrumbList\",\"@id\":\"https:\/\/habichlaw.com\/es\/areas-de-practica\/visas-de-no-inmigrante\/#breadcrumb\",\"itemListElement\":[{\"@type\":\"ListItem\",\"position\":1,\"name\":\"Home\",\"item\":\"https:\/\/habichlaw.com\/es\/\"},{\"@type\":\"ListItem\",\"position\":2,\"name\":\"\u00c1reas de Pr\u00e1ctica\",\"item\":\"https:\/\/habichlaw.com\/es\/practice-areas\/\"},{\"@type\":\"ListItem\",\"position\":3,\"name\":\"Visas de no inmigrante\"}]},{\"@type\":\"WebSite\",\"@id\":\"https:\/\/habichlaw.com\/es\/#website\",\"url\":\"https:\/\/habichlaw.com\/es\/\",\"name\":\"Habich Law\",\"description\":\"\",\"potentialAction\":[{\"@type\":\"SearchAction\",\"target\":{\"@type\":\"EntryPoint\",\"urlTemplate\":\"https:\/\/habichlaw.com\/es\/?s={search_term_string}\"},\"query-input\":\"required name=search_term_string\"}],\"inLanguage\":\"es\"}]}<\/script>\n<!-- \/ Yoast SEO plugin. -->","yoast_head_json":{"title":"Visas de No Inmigrante | Habich Law PLC - Phoenix, AZ","description":"Navega el proceso de visas de no inmigrante de los USA con Habich Law en Phoenix. Selecci\u00f3n de visa, la solicitud y la preparaci\u00f3n para la entrevista","robots":{"index":"index","follow":"follow","max-snippet":"max-snippet:-1","max-image-preview":"max-image-preview:large","max-video-preview":"max-video-preview:-1"},"canonical":"https:\/\/habichlaw.com\/es\/areas-de-practica\/visas-de-no-inmigrante\/","og_locale":"es_ES","og_type":"article","og_title":"Visas de No Inmigrante | Habich Law PLC - Phoenix, AZ","og_description":"Navega el proceso de visas de no inmigrante de los USA con Habich Law en Phoenix. Selecci\u00f3n de visa, la solicitud y la preparaci\u00f3n para la entrevista","og_url":"https:\/\/habichlaw.com\/es\/areas-de-practica\/visas-de-no-inmigrante\/","og_site_name":"Habich Law","article_modified_time":"2024-05-27T18:20:31+00:00","og_image":[{"width":800,"height":800,"url":"https:\/\/habichlaw.com\/wp-content\/uploads\/2024\/05\/05-1-1.jpg","type":"image\/jpeg"}],"twitter_card":"summary_large_image","twitter_misc":{"Tiempo de lectura":"3 minutos"},"schema":{"@context":"https:\/\/schema.org","@graph":[{"@type":"WebPage","@id":"https:\/\/habichlaw.com\/es\/areas-de-practica\/visas-de-no-inmigrante\/","url":"https:\/\/habichlaw.com\/es\/areas-de-practica\/visas-de-no-inmigrante\/","name":"Visas de No Inmigrante | Habich Law PLC - Phoenix, AZ","isPartOf":{"@id":"https:\/\/habichlaw.com\/es\/#website"},"primaryImageOfPage":{"@id":"https:\/\/habichlaw.com\/es\/areas-de-practica\/visas-de-no-inmigrante\/#primaryimage"},"image":{"@id":"https:\/\/habichlaw.com\/es\/areas-de-practica\/visas-de-no-inmigrante\/#primaryimage"},"thumbnailUrl":"https:\/\/habichlaw.com\/wp-content\/uploads\/2024\/05\/05-1-1.jpg","datePublished":"2024-05-01T00:21:53+00:00","dateModified":"2024-05-27T18:20:31+00:00","description":"Navega el proceso de visas de no inmigrante de los USA con Habich Law en Phoenix. Selecci\u00f3n de visa, la solicitud y la preparaci\u00f3n para la entrevista","breadcrumb":{"@id":"https:\/\/habichlaw.com\/es\/areas-de-practica\/visas-de-no-inmigrante\/#breadcrumb"},"inLanguage":"es","potentialAction":[{"@type":"ReadAction","target":["https:\/\/habichlaw.com\/es\/areas-de-practica\/visas-de-no-inmigrante\/"]}]},{"@type":"ImageObject","inLanguage":"es","@id":"https:\/\/habichlaw.com\/es\/areas-de-practica\/visas-de-no-inmigrante\/#primaryimage","url":"https:\/\/habichlaw.com\/wp-content\/uploads\/2024\/05\/05-1-1.jpg","contentUrl":"https:\/\/habichlaw.com\/wp-content\/uploads\/2024\/05\/05-1-1.jpg","width":800,"height":800},{"@type":"BreadcrumbList","@id":"https:\/\/habichlaw.com\/es\/areas-de-practica\/visas-de-no-inmigrante\/#breadcrumb","itemListElement":[{"@type":"ListItem","position":1,"name":"Home","item":"https:\/\/habichlaw.com\/es\/"},{"@type":"ListItem","position":2,"name":"\u00c1reas de Pr\u00e1ctica","item":"https:\/\/habichlaw.com\/es\/practice-areas\/"},{"@type":"ListItem","position":3,"name":"Visas de no inmigrante"}]},{"@type":"WebSite","@id":"https:\/\/habichlaw.com\/es\/#website","url":"https:\/\/habichlaw.com\/es\/","name":"Habich Law","description":"","potentialAction":[{"@type":"SearchAction","target":{"@type":"EntryPoint","urlTemplate":"https:\/\/habichlaw.com\/es\/?s={search_term_string}"},"query-input":"required name=search_term_string"}],"inLanguage":"es"}]}},"_links":{"self":[{"href":"https:\/\/habichlaw.com\/es\/wp-json\/wp\/v2\/pages\/763","targetHints":{"allow":["GET"]}}],"collection":[{"href":"https:\/\/habichlaw.com\/es\/wp-json\/wp\/v2\/pages"}],"about":[{"href":"https:\/\/habichlaw.com\/es\/wp-json\/wp\/v2\/types\/page"}],"author":[{"embeddable":true,"href":"https:\/\/habichlaw.com\/es\/wp-json\/wp\/v2\/users\/1"}],"replies":[{"embeddable":true,"href":"https:\/\/habichlaw.com\/es\/wp-json\/wp\/v2\/comments?post=763"}],"version-history":[{"count":2,"href":"https:\/\/habichlaw.com\/es\/wp-json\/wp\/v2\/pages\/763\/revisions"}],"predecessor-version":[{"id":766,"href":"https:\/\/habichlaw.com\/es\/wp-json\/wp\/v2\/pages\/763\/revisions\/766"}],"up":[{"embeddable":true,"href":"https:\/\/habichlaw.com\/es\/wp-json\/wp\/v2\/pages\/726"}],"wp:featuredmedia":[{"embeddable":true,"href":"https:\/\/habichlaw.com\/es\/wp-json\/wp\/v2\/media\/817"}],"wp:attachment":[{"href":"https:\/\/habichlaw.com\/es\/wp-json\/wp\/v2\/media?parent=763"}],"curies":[{"name":"wp","href":"https:\/\/api.w.org\/{rel}","templated":true}]}}