{"id":760,"date":"2024-05-06T22:27:46","date_gmt":"2024-05-06T22:27:46","guid":{"rendered":"https:\/\/habichlaw.com\/areas-de-practica\/foia\/"},"modified":"2024-05-27T18:17:22","modified_gmt":"2024-05-27T18:17:22","slug":"foia","status":"publish","type":"page","link":"https:\/\/habichlaw.com\/es\/areas-de-practica\/foia\/","title":{"rendered":"FOIA"},"content":{"rendered":"\n<div class=\"wp-block-group page-hero is-layout-flow wp-block-group-is-layout-flow\">\n<div class=\"wp-block-cover\"><span aria-hidden=\"true\" class=\"wp-block-cover__background has-background-dim-0 has-background-dim\" style=\"background-color:#423a35\"><\/span><img loading=\"lazy\" decoding=\"async\" width=\"1920\" height=\"972\" class=\"wp-block-cover__image-background wp-image-599\" alt=\"\" src=\"https:\/\/habichlaw.com\/wp-content\/uploads\/2024\/05\/foia.jpg\" style=\"object-position:15% 55%\" data-object-fit=\"cover\" data-object-position=\"15% 55%\" srcset=\"https:\/\/habichlaw.com\/wp-content\/uploads\/2024\/05\/foia.jpg 1920w, https:\/\/habichlaw.com\/wp-content\/uploads\/2024\/05\/foia-300x152.jpg 300w, https:\/\/habichlaw.com\/wp-content\/uploads\/2024\/05\/foia-1024x518.jpg 1024w, https:\/\/habichlaw.com\/wp-content\/uploads\/2024\/05\/foia-768x389.jpg 768w, https:\/\/habichlaw.com\/wp-content\/uploads\/2024\/05\/foia-1536x778.jpg 1536w\" sizes=\"auto, (max-width: 1920px) 100vw, 1920px\" \/><div class=\"wp-block-cover__inner-container is-layout-constrained wp-block-cover-is-layout-constrained\">\n<h1 class=\"wp-block-heading has-text-align-center has-large-font-size\">FOIA<\/h1>\n\n\n\n<p class=\"has-white-color has-text-color has-link-color wp-elements-2e44aaa52bd01508839848b327a0b78a\">Podemos ayudarte a solicitar una copia de tus propios registros de inmigraci\u00f3n de los Servicios de Ciudadan\u00eda e Inmigraci\u00f3n de los EE. UU. (USCIS).<\/p>\n\n\n\n<div class=\"wp-block-buttons is-layout-flex wp-block-buttons-is-layout-flex\" style=\"margin-top:var(--wp--preset--spacing--60)\">\n<div class=\"wp-block-button is-style-phone\"><a class=\"wp-block-button__link has-habich-blue-color has-habich-gold-background-color has-text-color has-background has-link-color wp-element-button\" href=\"tel:602 795 8383\">602 795 8383<\/a><\/div>\n\n\n\n<div class=\"wp-block-button is-style-email\"><a class=\"wp-block-button__link has-habich-blue-color has-habich-gold-background-color has-text-color has-background has-link-color wp-element-button\" href=\"https:\/\/habichlaw.com\/es\/contactenos\/\">Cont\u00e1ctanos Hoy<\/a><\/div>\n<\/div>\n\n\n<\/div><\/div>\n<\/div>\n\n\n\n<div class=\"wp-block-group post-content is-layout-flow wp-block-group-is-layout-flow\">\n<p>Bajo la Ley de Libertad de Informaci\u00f3n (FOIA) y la Ley de Privacidad (PA), podemos ayudarte a solicitar una copia de tus propios registros de inmigraci\u00f3n de los Servicios de Ciudadan\u00eda e Inmigraci\u00f3n de los Estados Unidos (USCIS), la Oficina de Aduanas y Protecci\u00f3n Fronteriza de los Estados Unidos (CBP) y el Departamento de Estado de los Estados Unidos. Estos registros pueden incluir documentos como formularios anteriores, peticiones, adjudicaciones, as\u00ed como registros de viajes internacionales a los Estados Unidos o detenciones por parte de la Patrulla Fronteriza.<\/p>\n<\/div>\n","protected":false},"excerpt":{"rendered":"<p>Bajo la Ley de Libertad de Informaci\u00f3n (FOIA) y la Ley de Privacidad (PA), podemos ayudarte a solicitar una copia de tus propios registros de inmigraci\u00f3n de los Servicios de Ciudadan\u00eda e Inmigraci\u00f3n de los Estados Unidos (USCIS), la Oficina de Aduanas y Protecci\u00f3n Fronteriza de los Estados Unidos (CBP) y el Departamento de Estado &hellip; <a href=\"https:\/\/habichlaw.com\/es\/areas-de-practica\/foia\/\">Continued<\/a><\/p>\n","protected":false},"author":1,"featured_media":814,"parent":726,"menu_order":0,"comment_status":"closed","ping_status":"closed","template":"","meta":{"_acf_changed":false,"footnotes":""},"class_list":["post-760","page","type-page","status-publish","has-post-thumbnail","hentry"],"acf":[],"yoast_head":"<!-- This site is optimized with the Yoast SEO plugin v23.3 - https:\/\/yoast.com\/wordpress\/plugins\/seo\/ -->\n<title>Registros de Inmigraci\u00f3n FOIA | Habich Law PLC - Phoenix, AZ<\/title>\n<meta name=\"description\" content=\"\u00bfNecesita registros de inmigraci\u00f3n? Habich Law PLC en Phoenix le ayuda con solicitudes FOIA para obtener sus registros de inmigraci\u00f3n en EE.UU.\" \/>\n<meta name=\"robots\" content=\"index, follow, max-snippet:-1, max-image-preview:large, max-video-preview:-1\" \/>\n<link rel=\"canonical\" href=\"https:\/\/habichlaw.com\/es\/areas-de-practica\/foia\/\" \/>\n<meta property=\"og:locale\" content=\"es_ES\" \/>\n<meta property=\"og:type\" content=\"article\" \/>\n<meta property=\"og:title\" content=\"Registros de Inmigraci\u00f3n FOIA | Habich Law PLC - Phoenix, AZ\" \/>\n<meta property=\"og:description\" content=\"\u00bfNecesita registros de inmigraci\u00f3n? Habich Law PLC en Phoenix le ayuda con solicitudes FOIA para obtener sus registros de inmigraci\u00f3n en EE.UU.\" \/>\n<meta property=\"og:url\" content=\"https:\/\/habichlaw.com\/es\/areas-de-practica\/foia\/\" \/>\n<meta property=\"og:site_name\" content=\"Habich Law\" \/>\n<meta property=\"article:modified_time\" content=\"2024-05-27T18:17:22+00:00\" \/>\n<meta property=\"og:image\" content=\"https:\/\/habichlaw.com\/wp-content\/uploads\/2024\/05\/foia-2-1.jpg\" \/>\n\t<meta property=\"og:image:width\" content=\"800\" \/>\n\t<meta property=\"og:image:height\" content=\"800\" \/>\n\t<meta property=\"og:image:type\" content=\"image\/jpeg\" \/>\n<meta name=\"twitter:card\" content=\"summary_large_image\" \/>\n<meta name=\"twitter:label1\" content=\"Tiempo de lectura\" \/>\n\t<meta name=\"twitter:data1\" content=\"1 minuto\" \/>\n<script type=\"application\/ld+json\" class=\"yoast-schema-graph\">{\"@context\":\"https:\/\/schema.org\",\"@graph\":[{\"@type\":\"WebPage\",\"@id\":\"https:\/\/habichlaw.com\/es\/areas-de-practica\/foia\/\",\"url\":\"https:\/\/habichlaw.com\/es\/areas-de-practica\/foia\/\",\"name\":\"Registros de Inmigraci\u00f3n FOIA | Habich Law PLC - Phoenix, AZ\",\"isPartOf\":{\"@id\":\"https:\/\/habichlaw.com\/es\/#website\"},\"primaryImageOfPage\":{\"@id\":\"https:\/\/habichlaw.com\/es\/areas-de-practica\/foia\/#primaryimage\"},\"image\":{\"@id\":\"https:\/\/habichlaw.com\/es\/areas-de-practica\/foia\/#primaryimage\"},\"thumbnailUrl\":\"https:\/\/habichlaw.com\/wp-content\/uploads\/2024\/05\/foia-2-1.jpg\",\"datePublished\":\"2024-05-06T22:27:46+00:00\",\"dateModified\":\"2024-05-27T18:17:22+00:00\",\"description\":\"\u00bfNecesita registros de inmigraci\u00f3n? Habich Law PLC en Phoenix le ayuda con solicitudes FOIA para obtener sus registros de inmigraci\u00f3n en EE.UU.\",\"breadcrumb\":{\"@id\":\"https:\/\/habichlaw.com\/es\/areas-de-practica\/foia\/#breadcrumb\"},\"inLanguage\":\"es\",\"potentialAction\":[{\"@type\":\"ReadAction\",\"target\":[\"https:\/\/habichlaw.com\/es\/areas-de-practica\/foia\/\"]}]},{\"@type\":\"ImageObject\",\"inLanguage\":\"es\",\"@id\":\"https:\/\/habichlaw.com\/es\/areas-de-practica\/foia\/#primaryimage\",\"url\":\"https:\/\/habichlaw.com\/wp-content\/uploads\/2024\/05\/foia-2-1.jpg\",\"contentUrl\":\"https:\/\/habichlaw.com\/wp-content\/uploads\/2024\/05\/foia-2-1.jpg\",\"width\":800,\"height\":800},{\"@type\":\"BreadcrumbList\",\"@id\":\"https:\/\/habichlaw.com\/es\/areas-de-practica\/foia\/#breadcrumb\",\"itemListElement\":[{\"@type\":\"ListItem\",\"position\":1,\"name\":\"Home\",\"item\":\"https:\/\/habichlaw.com\/es\/\"},{\"@type\":\"ListItem\",\"position\":2,\"name\":\"\u00c1reas de Pr\u00e1ctica\",\"item\":\"https:\/\/habichlaw.com\/es\/practice-areas\/\"},{\"@type\":\"ListItem\",\"position\":3,\"name\":\"FOIA\"}]},{\"@type\":\"WebSite\",\"@id\":\"https:\/\/habichlaw.com\/es\/#website\",\"url\":\"https:\/\/habichlaw.com\/es\/\",\"name\":\"Habich Law\",\"description\":\"\",\"potentialAction\":[{\"@type\":\"SearchAction\",\"target\":{\"@type\":\"EntryPoint\",\"urlTemplate\":\"https:\/\/habichlaw.com\/es\/?s={search_term_string}\"},\"query-input\":\"required name=search_term_string\"}],\"inLanguage\":\"es\"}]}<\/script>\n<!-- \/ Yoast SEO plugin. -->","yoast_head_json":{"title":"Registros de Inmigraci\u00f3n FOIA | Habich Law PLC - Phoenix, AZ","description":"\u00bfNecesita registros de inmigraci\u00f3n? Habich Law PLC en Phoenix le ayuda con solicitudes FOIA para obtener sus registros de inmigraci\u00f3n en EE.UU.","robots":{"index":"index","follow":"follow","max-snippet":"max-snippet:-1","max-image-preview":"max-image-preview:large","max-video-preview":"max-video-preview:-1"},"canonical":"https:\/\/habichlaw.com\/es\/areas-de-practica\/foia\/","og_locale":"es_ES","og_type":"article","og_title":"Registros de Inmigraci\u00f3n FOIA | Habich Law PLC - Phoenix, AZ","og_description":"\u00bfNecesita registros de inmigraci\u00f3n? Habich Law PLC en Phoenix le ayuda con solicitudes FOIA para obtener sus registros de inmigraci\u00f3n en EE.UU.","og_url":"https:\/\/habichlaw.com\/es\/areas-de-practica\/foia\/","og_site_name":"Habich Law","article_modified_time":"2024-05-27T18:17:22+00:00","og_image":[{"width":800,"height":800,"url":"https:\/\/habichlaw.com\/wp-content\/uploads\/2024\/05\/foia-2-1.jpg","type":"image\/jpeg"}],"twitter_card":"summary_large_image","twitter_misc":{"Tiempo de lectura":"1 minuto"},"schema":{"@context":"https:\/\/schema.org","@graph":[{"@type":"WebPage","@id":"https:\/\/habichlaw.com\/es\/areas-de-practica\/foia\/","url":"https:\/\/habichlaw.com\/es\/areas-de-practica\/foia\/","name":"Registros de Inmigraci\u00f3n FOIA | Habich Law PLC - Phoenix, AZ","isPartOf":{"@id":"https:\/\/habichlaw.com\/es\/#website"},"primaryImageOfPage":{"@id":"https:\/\/habichlaw.com\/es\/areas-de-practica\/foia\/#primaryimage"},"image":{"@id":"https:\/\/habichlaw.com\/es\/areas-de-practica\/foia\/#primaryimage"},"thumbnailUrl":"https:\/\/habichlaw.com\/wp-content\/uploads\/2024\/05\/foia-2-1.jpg","datePublished":"2024-05-06T22:27:46+00:00","dateModified":"2024-05-27T18:17:22+00:00","description":"\u00bfNecesita registros de inmigraci\u00f3n? Habich Law PLC en Phoenix le ayuda con solicitudes FOIA para obtener sus registros de inmigraci\u00f3n en EE.UU.","breadcrumb":{"@id":"https:\/\/habichlaw.com\/es\/areas-de-practica\/foia\/#breadcrumb"},"inLanguage":"es","potentialAction":[{"@type":"ReadAction","target":["https:\/\/habichlaw.com\/es\/areas-de-practica\/foia\/"]}]},{"@type":"ImageObject","inLanguage":"es","@id":"https:\/\/habichlaw.com\/es\/areas-de-practica\/foia\/#primaryimage","url":"https:\/\/habichlaw.com\/wp-content\/uploads\/2024\/05\/foia-2-1.jpg","contentUrl":"https:\/\/habichlaw.com\/wp-content\/uploads\/2024\/05\/foia-2-1.jpg","width":800,"height":800},{"@type":"BreadcrumbList","@id":"https:\/\/habichlaw.com\/es\/areas-de-practica\/foia\/#breadcrumb","itemListElement":[{"@type":"ListItem","position":1,"name":"Home","item":"https:\/\/habichlaw.com\/es\/"},{"@type":"ListItem","position":2,"name":"\u00c1reas de Pr\u00e1ctica","item":"https:\/\/habichlaw.com\/es\/practice-areas\/"},{"@type":"ListItem","position":3,"name":"FOIA"}]},{"@type":"WebSite","@id":"https:\/\/habichlaw.com\/es\/#website","url":"https:\/\/habichlaw.com\/es\/","name":"Habich Law","description":"","potentialAction":[{"@type":"SearchAction","target":{"@type":"EntryPoint","urlTemplate":"https:\/\/habichlaw.com\/es\/?s={search_term_string}"},"query-input":"required name=search_term_string"}],"inLanguage":"es"}]}},"_links":{"self":[{"href":"https:\/\/habichlaw.com\/es\/wp-json\/wp\/v2\/pages\/760","targetHints":{"allow":["GET"]}}],"collection":[{"href":"https:\/\/habichlaw.com\/es\/wp-json\/wp\/v2\/pages"}],"about":[{"href":"https:\/\/habichlaw.com\/es\/wp-json\/wp\/v2\/types\/page"}],"author":[{"embeddable":true,"href":"https:\/\/habichlaw.com\/es\/wp-json\/wp\/v2\/users\/1"}],"replies":[{"embeddable":true,"href":"https:\/\/habichlaw.com\/es\/wp-json\/wp\/v2\/comments?post=760"}],"version-history":[{"count":1,"href":"https:\/\/habichlaw.com\/es\/wp-json\/wp\/v2\/pages\/760\/revisions"}],"predecessor-version":[{"id":762,"href":"https:\/\/habichlaw.com\/es\/wp-json\/wp\/v2\/pages\/760\/revisions\/762"}],"up":[{"embeddable":true,"href":"https:\/\/habichlaw.com\/es\/wp-json\/wp\/v2\/pages\/726"}],"wp:featuredmedia":[{"embeddable":true,"href":"https:\/\/habichlaw.com\/es\/wp-json\/wp\/v2\/media\/814"}],"wp:attachment":[{"href":"https:\/\/habichlaw.com\/es\/wp-json\/wp\/v2\/media?parent=760"}],"curies":[{"name":"wp","href":"https:\/\/api.w.org\/{rel}","templated":true}]}}