{"id":754,"date":"2024-05-01T00:20:52","date_gmt":"2024-05-01T00:20:52","guid":{"rendered":"https:\/\/habichlaw.com\/areas-de-practica\/family-based-immigration\/"},"modified":"2024-05-27T18:15:16","modified_gmt":"2024-05-27T18:15:16","slug":"inmigracion-basada-en-la-familia","status":"publish","type":"page","link":"https:\/\/habichlaw.com\/es\/areas-de-practica\/inmigracion-basada-en-la-familia\/","title":{"rendered":"Inmigraci\u00f3n Basada en la Familia"},"content":{"rendered":"\n<div class=\"wp-block-group page-hero is-layout-flow wp-block-group-is-layout-flow\">\n<div class=\"wp-block-cover\"><span aria-hidden=\"true\" class=\"wp-block-cover__background has-background-dim-0 has-background-dim\" style=\"background-color:#423a35\"><\/span><img loading=\"lazy\" decoding=\"async\" width=\"1920\" height=\"1080\" class=\"wp-block-cover__image-background wp-image-379\" alt=\"\" src=\"https:\/\/habichlaw.com\/wp-content\/uploads\/2024\/05\/family.jpg\" style=\"object-position:84% 22%\" data-object-fit=\"cover\" data-object-position=\"84% 22%\" srcset=\"https:\/\/habichlaw.com\/wp-content\/uploads\/2024\/05\/family.jpg 1920w, https:\/\/habichlaw.com\/wp-content\/uploads\/2024\/05\/family-300x169.jpg 300w, https:\/\/habichlaw.com\/wp-content\/uploads\/2024\/05\/family-1024x576.jpg 1024w, https:\/\/habichlaw.com\/wp-content\/uploads\/2024\/05\/family-768x432.jpg 768w, https:\/\/habichlaw.com\/wp-content\/uploads\/2024\/05\/family-1536x864.jpg 1536w\" sizes=\"auto, (max-width: 1920px) 100vw, 1920px\" \/><div class=\"wp-block-cover__inner-container is-layout-constrained wp-block-cover-is-layout-constrained\">\n<h1 class=\"wp-block-heading has-text-align-center has-large-font-size\">Inmigraci\u00f3n Basada en la Familia<\/h1>\n\n\n\n<p>La reunificaci\u00f3n familiar es un pilar fundamental de la pol\u00edtica de inmigraci\u00f3n de los Estados Unidos. Nuestros servicios de inmigraci\u00f3n basados en la familia est\u00e1n dise\u00f1ados para reunir a las familias de la manera m\u00e1s fluida posible.<\/p>\n\n\n\n<div class=\"wp-block-buttons is-layout-flex wp-block-buttons-is-layout-flex\" style=\"margin-top:var(--wp--preset--spacing--60)\">\n<div class=\"wp-block-button is-style-phone\"><a class=\"wp-block-button__link has-habich-blue-color has-habich-gold-background-color has-text-color has-background has-link-color wp-element-button\" href=\"tel:602 795 8383\">602 795 8383<\/a><\/div>\n\n\n\n<div class=\"wp-block-button is-style-email\"><a class=\"wp-block-button__link has-habich-blue-color has-habich-gold-background-color has-text-color has-background has-link-color wp-element-button\" href=\"https:\/\/habichlaw.com\/es\/contactenos\/\">Contact Us Today<\/a><\/div>\n<\/div>\n\n\n<\/div><\/div>\n<\/div>\n\n\n\n<div class=\"wp-block-group post-content is-layout-flow wp-block-group-is-layout-flow\">\n<h2 class=\"wp-block-heading\">Comprendiendo los V\u00ednculos Familiares<\/h2>\n\n\n\n<p style=\"margin-top:var(--wp--preset--spacing--30)\">Ya sea que est\u00e9s solicitando para un c\u00f3nyuge, padre, hijo o hermano, entendemos la importancia de cada relaci\u00f3n. Nuestra experiencia cubre todas las categor\u00edas de inmigraci\u00f3n basadas en la familia, incluyendo los parientes inmediatos y las categor\u00edas de preferencia familiar.<\/p>\n\n\n\n<h2 class=\"wp-block-heading\" style=\"margin-top:var(--wp--preset--spacing--70);margin-bottom:0\">Navegando el Papelero<\/h2>\n\n\n\n<p style=\"margin-top:var(--wp--preset--spacing--40)\">El proceso de inmigraci\u00f3n puede ser abrumador con su extensa documentaci\u00f3n y requisitos legales. Te ayudamos a navegar estas complejidades, asegur\u00e1ndonos de que todos los formularios se completen correctamente y se presenten a tiempo.<\/p>\n\n\n\n<h2 class=\"wp-block-heading\" style=\"margin-top:var(--wp--preset--spacing--70);margin-bottom:0\">Comunicaci\u00f3n y Actualizaciones<\/h2>\n\n\n\n<p style=\"margin-top:var(--wp--preset--spacing--40)\">Creemos en mantener a nuestros clientes informados. Las actualizaciones regulares sobre el estado de tu solicitud y las respuestas r\u00e1pidas a tus consultas son parte de nuestro compromiso con un servicio excelente.<\/p>\n\n\n\n<p style=\"margin-top:var(--wp--preset--spacing--40)\">La ley de inmigraci\u00f3n de los Estados Unidos permite que ciertos no ciudadanos que son familiares de ciudadanos estadounidenses y residentes permanentes legales obtengan el estatus de residente permanente legal (Green Card) basado en relaciones familiares espec\u00edficas. Si eres el c\u00f3nyuge, hijo menor de edad o padre de un ciudadano estadounidense, consulta la p\u00e1gina de Green Card para Parientes Inmediatos de Ciudadanos de EE. UU. para obtener informaci\u00f3n sobre la solicitud.<\/p>\n\n\n\n<h3 class=\"wp-block-heading\" style=\"margin-top:var(--wp--preset--spacing--40)\">Otros miembros de la familia elegibles pueden solicitar una Green Card a trav\u00e9s de las siguientes categor\u00edas de \u00abinmigrante preferencial\u00bb familiar:<\/h3>\n\n\n\n<ul class=\"wp-block-list\">\n<li style=\"margin-top:var(--wp--preset--spacing--40)\">Primera preferencia (F1): Hijos e hijas solteros (de 21 a\u00f1os de edad o m\u00e1s) de ciudadanos estadounidenses.<\/li>\n\n\n\n<li>Segunda preferencia (F2A): C\u00f3nyuges e hijos solteros (menores de 21 a\u00f1os) de residentes permanentes legales.<\/li>\n\n\n\n<li>Segunda preferencia (F2B): Hijos e hijas solteros (de 21 a\u00f1os de edad o m\u00e1s) de residentes permanentes legales.<\/li>\n\n\n\n<li>Tercera preferencia (F3): Hijos e hijas casados de ciudadanos estadounidenses.<\/li>\n\n\n\n<li>Cuarta preferencia (F4): Hermanos y hermanas de ciudadanos estadounidenses (si el ciudadano estadounidense tiene 21 a\u00f1os de edad o m\u00e1s).<\/li>\n<\/ul>\n\n\n\n<div class=\"wp-block-group cta-post-contact has-white-color has-habich-blue-background-color has-text-color has-background has-link-color wp-elements-f531e260469cddab571a57b74314779b is-layout-flow wp-block-group-is-layout-flow\" style=\"margin-top:var(--wp--preset--spacing--70)\">\n<h3 class=\"wp-block-heading has-text-align-center has-white-color has-text-color has-link-color wp-elements-24547dc821d820a4c19683f50297795a\">Cont\u00e1ctanos en Habich Law para asistirte con el proceso de solicitud de inmigraci\u00f3n basada en la familia.<\/h3>\n\n\n\n<div class=\"wp-block-buttons is-content-justification-center is-layout-flex wp-container-core-buttons-is-layout-16018d1d wp-block-buttons-is-layout-flex\">\n<div class=\"wp-block-button is-style-arrow\"><a class=\"wp-block-button__link has-habich-blue-color has-habich-gold-background-color has-text-color has-background has-link-color wp-element-button\" href=\"https:\/\/habichlaw.com\/es\/contactenos\/\">Programa una Consulta<\/a><\/div>\n<\/div>\n\n\n\n<p><a href=\"https:\/\/habichlaw.com\/contact\/\"><\/a><\/p>\n<\/div>\n\n\n\n<h2 class=\"wp-block-heading\" style=\"margin-top:var(--wp--preset--spacing--60)\">Visas Familiares<\/h2>\n\n\n\n<p style=\"margin-top:var(--wp--preset--spacing--40)\"><strong>Las visas familiares est\u00e1n disponibles para:<\/strong><\/p>\n\n\n\n<ul class=\"wp-block-list\">\n<li>Padres, hijos y c\u00f3nyuges de ciudadanos estadounidenses \u2013 n\u00fameros ilimitados<\/li>\n\n\n\n<li>Prometidos de ciudadanos estadounidenses \u2013 n\u00fameros ilimitados<\/li>\n\n\n\n<li>Hijos adultos (casados o solteros) de ciudadanos estadounidenses \u2013 n\u00fameros limitados<\/li>\n\n\n\n<li>Hermanos o hermanas de ciudadanos estadounidenses \u2013 n\u00fameros limitados<\/li>\n\n\n\n<li>C\u00f3nyuges, hijos e hijos adultos solteros de residentes permanentes legales \u2013 n\u00fameros limitados<\/li>\n<\/ul>\n\n\n\n<p><strong>Adjustment ofAjuste de Estatus:<\/strong>\u00a0<\/p>\n\n\n\n<p>Ciertas personas son elegibles para solicitar una tarjeta verde (residencia permanente) mientras est\u00e1n dentro de los Estados Unidos.<\/p>\n\n\n\n<p>Una relaci\u00f3n de pariente inmediato te permite solicitar el Formulario I-485, Solicitud de Registro de Residencia Permanente o Ajuste de Estatus, para convertirte en residente permanente al mismo tiempo que tu peticionario ciudadano estadounidense presenta el Formulario I-130, Petici\u00f3n para Familiar Extranjero.<\/p>\n\n\n\n<h2 class=\"wp-block-heading\" style=\"margin-top:var(--wp--preset--spacing--60)\">Procesamiento Consular<\/h2>\n\n\n\n<p style=\"margin-top:var(--wp--preset--spacing--40)\">Si actualmente te encuentras fuera de los Estados Unidos y eres un pariente inmediato de un ciudadano estadounidense, puedes convertirte en residente permanente a trav\u00e9s del procesamiento consular.<\/p>\n\n\n\n<p>El procesamiento consular es cuando USCIS trabaja con el Departamento de Estado de los Estados Unidos para emitir una visa sobre una petici\u00f3n aprobada de Formulario I-130.<\/p>\n\n\n\n<p>Una vez que una visa est\u00e9 disponible, puedes viajar con esta visa de inmigrante y te convertir\u00e1s oficialmente en residente permanente cuando seas admitido en un puerto de entrada de Estados Unidos.<\/p>\n\n\n\n<p>El Departamento de Estado te notificar\u00e1 cuando seas elegible para solicitar una visa de inmigrante.<\/p>\n\n\n\n<p>Si no solicitas una visa de inmigrante dentro de un a\u00f1o despu\u00e9s de recibir la notificaci\u00f3n del Departamento de Estado, tu petici\u00f3n puede ser terminada.<\/p>\n\n\n\n<h2 class=\"wp-block-heading\" style=\"margin-top:var(--wp--preset--spacing--60)\">Residentes Permanentes Condicionales<\/h2>\n\n\n\n<p style=\"margin-top:var(--wp--preset--spacing--40)\">Tu estatus de residencia permanente es condicional si se basa en un matrimonio que ten\u00eda menos de dos a\u00f1os en el d\u00eda en que te otorgaron el estatus de residente permanente.<\/p>\n\n\n\n<p>Tu estatus es condicional porque debes probar que no te casaste para evadir las leyes de inmigraci\u00f3n de los Estados Unidos. Para eliminar las condiciones de tu residencia permanente, debes demostrar que:<\/p>\n\n\n\n<ul class=\"wp-block-list\">\n<li>A\u00fan est\u00e1s casado con el mismo ciudadano estadounidense o residente permanente despu\u00e9s de 2 a\u00f1os. Puedes incluir a tus hijos en tu solicitud si recibieron su estatus de residente condicional al mismo tiempo o dentro de los 90 d\u00edas posteriores a que t\u00fa lo hiciste;<\/li>\n\n\n\n<li>Eres un hijo y, por una raz\u00f3n v\u00e1lida, no puedes ser incluido en la solicitud de tus padres;<\/li>\n\n\n\n<li>Eres viudo o viuda que contrajo matrimonio de buena fe;<\/li>\n\n\n\n<li>Te casaste de buena fe, pero el matrimonio termin\u00f3 mediante divorcio o anulaci\u00f3n; o<\/li>\n\n\n\n<li>Te casaste de buena fe, pero t\u00fa o tu hijo fueron maltratados o sometidos a extrema dureza por tu c\u00f3nyuge ciudadano estadounidense o residente permanente.<\/li>\n<\/ul>\n\n\n\n<p>Si no presentas correctamente el Formulario I-751 dentro del per\u00edodo de 90 d\u00edas antes de tu segundo aniversario como residente condicional, tu estatus de residente condicional se terminar\u00e1 autom\u00e1ticamente y se iniciar\u00e1n procedimientos de deportaci\u00f3n en tu contra.<\/p>\n\n\n\n<h2 class=\"wp-block-heading\" style=\"margin-top:var(--wp--preset--spacing--60)\">Prometidos<\/h2>\n\n\n\n<p style=\"margin-top:var(--wp--preset--spacing--40)\">Los prometidos de ciudadanos estadounidenses pueden obtener permiso para ingresar temporalmente a los Estados Unidos, pero deben casarse con su prometido ciudadano estadounidense y solicitar el estatus de residente permanente dentro de los 90 d\u00edas de la entrada a los Estados Unidos. Los hijos menores de 21 a\u00f1os pueden ingresar con el titular de la visa.<\/p>\n\n\n\n<h2 class=\"wp-block-heading\" style=\"margin-top:var(--wp--preset--spacing--60)\">Viudo(a)<\/h2>\n\n\n\n<p style=\"margin-top:var(--wp--preset--spacing--40)\">Un(a) viudo(a) de un ciudadano estadounidense es elegible para emigrar a los Estados Unidos, si:<\/p>\n\n\n\n<ul class=\"wp-block-list\">\n<li>Estabas casado con un ciudadano estadounidense en el momento de su fallecimiento;<\/li>\n\n\n\n<li>Tienes un Formulario I-130 pendiente o aprobado o has presentado un Formulario I-360 dentro de los 2 a\u00f1os posteriores a la muerte de tu c\u00f3nyuge;<\/li>\n\n\n\n<li>No te has vuelto a casar;<\/li>\n\n\n\n<li>No estabas divorciado o legalmente separado de tu c\u00f3nyuge en el momento de su muerte;<\/li>\n\n\n\n<li>Puedes probar que contrajiste matrimonio de buena fe y no solo para obtener un beneficio de inmigraci\u00f3n; y<\/li>\n\n\n\n<li>Eres admisible a los Estados Unidos.<\/li>\n<\/ul>\n\n\n\n<p style=\"margin-top:var(--wp--preset--spacing--60)\"><strong>El abogado asiste a todas las entrevistas de Ajuste de Estatus ante USCIS con nuestros clientes.<\/strong><\/p>\n<\/div>\n","protected":false},"excerpt":{"rendered":"<p>Comprendiendo los V\u00ednculos Familiares Ya sea que est\u00e9s solicitando para un c\u00f3nyuge, padre, hijo o hermano, entendemos la importancia de cada relaci\u00f3n. Nuestra experiencia cubre todas las categor\u00edas de inmigraci\u00f3n basadas en la familia, incluyendo los parientes inmediatos y las categor\u00edas de preferencia familiar. Navegando el Papelero El proceso de inmigraci\u00f3n puede ser abrumador con &hellip; <a href=\"https:\/\/habichlaw.com\/es\/areas-de-practica\/inmigracion-basada-en-la-familia\/\">Continued<\/a><\/p>\n","protected":false},"author":1,"featured_media":811,"parent":726,"menu_order":0,"comment_status":"closed","ping_status":"closed","template":"","meta":{"_acf_changed":false,"footnotes":""},"class_list":["post-754","page","type-page","status-publish","has-post-thumbnail","hentry"],"acf":[],"yoast_head":"<!-- This site is optimized with the Yoast SEO plugin v23.3 - https:\/\/yoast.com\/wordpress\/plugins\/seo\/ -->\n<title>Inmigraci\u00f3n Basados en Familia | Habich Law PLC - Phoenix, AZ<\/title>\n<meta name=\"description\" content=\"Re\u00fane a tu familia en los USA con la ayuda de Habich Law PLC en Phoenix. Orientaci\u00f3n experta sobre visas familiares, procesamiento consular y m\u00e1s.\" \/>\n<meta name=\"robots\" content=\"index, follow, max-snippet:-1, max-image-preview:large, max-video-preview:-1\" \/>\n<link rel=\"canonical\" href=\"https:\/\/habichlaw.com\/es\/areas-de-practica\/inmigracion-basada-en-la-familia\/\" \/>\n<meta property=\"og:locale\" content=\"es_ES\" \/>\n<meta property=\"og:type\" content=\"article\" \/>\n<meta property=\"og:title\" content=\"Inmigraci\u00f3n Basados en Familia | Habich Law PLC - Phoenix, AZ\" \/>\n<meta property=\"og:description\" content=\"Re\u00fane a tu familia en los USA con la ayuda de Habich Law PLC en Phoenix. Orientaci\u00f3n experta sobre visas familiares, procesamiento consular y m\u00e1s.\" \/>\n<meta property=\"og:url\" content=\"https:\/\/habichlaw.com\/es\/areas-de-practica\/inmigracion-basada-en-la-familia\/\" \/>\n<meta property=\"og:site_name\" content=\"Habich Law\" \/>\n<meta property=\"article:modified_time\" content=\"2024-05-27T18:15:16+00:00\" \/>\n<meta property=\"og:image\" content=\"https:\/\/habichlaw.com\/wp-content\/uploads\/2024\/05\/02-2-1.jpg\" \/>\n\t<meta property=\"og:image:width\" content=\"800\" \/>\n\t<meta property=\"og:image:height\" content=\"800\" \/>\n\t<meta property=\"og:image:type\" content=\"image\/jpeg\" \/>\n<meta name=\"twitter:card\" content=\"summary_large_image\" \/>\n<meta name=\"twitter:label1\" content=\"Tiempo de lectura\" \/>\n\t<meta name=\"twitter:data1\" content=\"5 minutos\" \/>\n<script type=\"application\/ld+json\" class=\"yoast-schema-graph\">{\"@context\":\"https:\/\/schema.org\",\"@graph\":[{\"@type\":\"WebPage\",\"@id\":\"https:\/\/habichlaw.com\/es\/areas-de-practica\/inmigracion-basada-en-la-familia\/\",\"url\":\"https:\/\/habichlaw.com\/es\/areas-de-practica\/inmigracion-basada-en-la-familia\/\",\"name\":\"Inmigraci\u00f3n Basados en Familia | Habich Law PLC - Phoenix, AZ\",\"isPartOf\":{\"@id\":\"https:\/\/habichlaw.com\/es\/#website\"},\"primaryImageOfPage\":{\"@id\":\"https:\/\/habichlaw.com\/es\/areas-de-practica\/inmigracion-basada-en-la-familia\/#primaryimage\"},\"image\":{\"@id\":\"https:\/\/habichlaw.com\/es\/areas-de-practica\/inmigracion-basada-en-la-familia\/#primaryimage\"},\"thumbnailUrl\":\"https:\/\/habichlaw.com\/wp-content\/uploads\/2024\/05\/02-2-1.jpg\",\"datePublished\":\"2024-05-01T00:20:52+00:00\",\"dateModified\":\"2024-05-27T18:15:16+00:00\",\"description\":\"Re\u00fane a tu familia en los USA con la ayuda de Habich Law PLC en Phoenix. Orientaci\u00f3n experta sobre visas familiares, procesamiento consular y m\u00e1s.\",\"breadcrumb\":{\"@id\":\"https:\/\/habichlaw.com\/es\/areas-de-practica\/inmigracion-basada-en-la-familia\/#breadcrumb\"},\"inLanguage\":\"es\",\"potentialAction\":[{\"@type\":\"ReadAction\",\"target\":[\"https:\/\/habichlaw.com\/es\/areas-de-practica\/inmigracion-basada-en-la-familia\/\"]}]},{\"@type\":\"ImageObject\",\"inLanguage\":\"es\",\"@id\":\"https:\/\/habichlaw.com\/es\/areas-de-practica\/inmigracion-basada-en-la-familia\/#primaryimage\",\"url\":\"https:\/\/habichlaw.com\/wp-content\/uploads\/2024\/05\/02-2-1.jpg\",\"contentUrl\":\"https:\/\/habichlaw.com\/wp-content\/uploads\/2024\/05\/02-2-1.jpg\",\"width\":800,\"height\":800},{\"@type\":\"BreadcrumbList\",\"@id\":\"https:\/\/habichlaw.com\/es\/areas-de-practica\/inmigracion-basada-en-la-familia\/#breadcrumb\",\"itemListElement\":[{\"@type\":\"ListItem\",\"position\":1,\"name\":\"Home\",\"item\":\"https:\/\/habichlaw.com\/es\/\"},{\"@type\":\"ListItem\",\"position\":2,\"name\":\"\u00c1reas de Pr\u00e1ctica\",\"item\":\"https:\/\/habichlaw.com\/es\/practice-areas\/\"},{\"@type\":\"ListItem\",\"position\":3,\"name\":\"Inmigraci\u00f3n Basada en la Familia\"}]},{\"@type\":\"WebSite\",\"@id\":\"https:\/\/habichlaw.com\/es\/#website\",\"url\":\"https:\/\/habichlaw.com\/es\/\",\"name\":\"Habich Law\",\"description\":\"\",\"potentialAction\":[{\"@type\":\"SearchAction\",\"target\":{\"@type\":\"EntryPoint\",\"urlTemplate\":\"https:\/\/habichlaw.com\/es\/?s={search_term_string}\"},\"query-input\":\"required name=search_term_string\"}],\"inLanguage\":\"es\"}]}<\/script>\n<!-- \/ Yoast SEO plugin. -->","yoast_head_json":{"title":"Inmigraci\u00f3n Basados en Familia | Habich Law PLC - Phoenix, AZ","description":"Re\u00fane a tu familia en los USA con la ayuda de Habich Law PLC en Phoenix. Orientaci\u00f3n experta sobre visas familiares, procesamiento consular y m\u00e1s.","robots":{"index":"index","follow":"follow","max-snippet":"max-snippet:-1","max-image-preview":"max-image-preview:large","max-video-preview":"max-video-preview:-1"},"canonical":"https:\/\/habichlaw.com\/es\/areas-de-practica\/inmigracion-basada-en-la-familia\/","og_locale":"es_ES","og_type":"article","og_title":"Inmigraci\u00f3n Basados en Familia | Habich Law PLC - Phoenix, AZ","og_description":"Re\u00fane a tu familia en los USA con la ayuda de Habich Law PLC en Phoenix. Orientaci\u00f3n experta sobre visas familiares, procesamiento consular y m\u00e1s.","og_url":"https:\/\/habichlaw.com\/es\/areas-de-practica\/inmigracion-basada-en-la-familia\/","og_site_name":"Habich Law","article_modified_time":"2024-05-27T18:15:16+00:00","og_image":[{"width":800,"height":800,"url":"https:\/\/habichlaw.com\/wp-content\/uploads\/2024\/05\/02-2-1.jpg","type":"image\/jpeg"}],"twitter_card":"summary_large_image","twitter_misc":{"Tiempo de lectura":"5 minutos"},"schema":{"@context":"https:\/\/schema.org","@graph":[{"@type":"WebPage","@id":"https:\/\/habichlaw.com\/es\/areas-de-practica\/inmigracion-basada-en-la-familia\/","url":"https:\/\/habichlaw.com\/es\/areas-de-practica\/inmigracion-basada-en-la-familia\/","name":"Inmigraci\u00f3n Basados en Familia | Habich Law PLC - Phoenix, AZ","isPartOf":{"@id":"https:\/\/habichlaw.com\/es\/#website"},"primaryImageOfPage":{"@id":"https:\/\/habichlaw.com\/es\/areas-de-practica\/inmigracion-basada-en-la-familia\/#primaryimage"},"image":{"@id":"https:\/\/habichlaw.com\/es\/areas-de-practica\/inmigracion-basada-en-la-familia\/#primaryimage"},"thumbnailUrl":"https:\/\/habichlaw.com\/wp-content\/uploads\/2024\/05\/02-2-1.jpg","datePublished":"2024-05-01T00:20:52+00:00","dateModified":"2024-05-27T18:15:16+00:00","description":"Re\u00fane a tu familia en los USA con la ayuda de Habich Law PLC en Phoenix. Orientaci\u00f3n experta sobre visas familiares, procesamiento consular y m\u00e1s.","breadcrumb":{"@id":"https:\/\/habichlaw.com\/es\/areas-de-practica\/inmigracion-basada-en-la-familia\/#breadcrumb"},"inLanguage":"es","potentialAction":[{"@type":"ReadAction","target":["https:\/\/habichlaw.com\/es\/areas-de-practica\/inmigracion-basada-en-la-familia\/"]}]},{"@type":"ImageObject","inLanguage":"es","@id":"https:\/\/habichlaw.com\/es\/areas-de-practica\/inmigracion-basada-en-la-familia\/#primaryimage","url":"https:\/\/habichlaw.com\/wp-content\/uploads\/2024\/05\/02-2-1.jpg","contentUrl":"https:\/\/habichlaw.com\/wp-content\/uploads\/2024\/05\/02-2-1.jpg","width":800,"height":800},{"@type":"BreadcrumbList","@id":"https:\/\/habichlaw.com\/es\/areas-de-practica\/inmigracion-basada-en-la-familia\/#breadcrumb","itemListElement":[{"@type":"ListItem","position":1,"name":"Home","item":"https:\/\/habichlaw.com\/es\/"},{"@type":"ListItem","position":2,"name":"\u00c1reas de Pr\u00e1ctica","item":"https:\/\/habichlaw.com\/es\/practice-areas\/"},{"@type":"ListItem","position":3,"name":"Inmigraci\u00f3n Basada en la Familia"}]},{"@type":"WebSite","@id":"https:\/\/habichlaw.com\/es\/#website","url":"https:\/\/habichlaw.com\/es\/","name":"Habich Law","description":"","potentialAction":[{"@type":"SearchAction","target":{"@type":"EntryPoint","urlTemplate":"https:\/\/habichlaw.com\/es\/?s={search_term_string}"},"query-input":"required name=search_term_string"}],"inLanguage":"es"}]}},"_links":{"self":[{"href":"https:\/\/habichlaw.com\/es\/wp-json\/wp\/v2\/pages\/754","targetHints":{"allow":["GET"]}}],"collection":[{"href":"https:\/\/habichlaw.com\/es\/wp-json\/wp\/v2\/pages"}],"about":[{"href":"https:\/\/habichlaw.com\/es\/wp-json\/wp\/v2\/types\/page"}],"author":[{"embeddable":true,"href":"https:\/\/habichlaw.com\/es\/wp-json\/wp\/v2\/users\/1"}],"replies":[{"embeddable":true,"href":"https:\/\/habichlaw.com\/es\/wp-json\/wp\/v2\/comments?post=754"}],"version-history":[{"count":3,"href":"https:\/\/habichlaw.com\/es\/wp-json\/wp\/v2\/pages\/754\/revisions"}],"predecessor-version":[{"id":759,"href":"https:\/\/habichlaw.com\/es\/wp-json\/wp\/v2\/pages\/754\/revisions\/759"}],"up":[{"embeddable":true,"href":"https:\/\/habichlaw.com\/es\/wp-json\/wp\/v2\/pages\/726"}],"wp:featuredmedia":[{"embeddable":true,"href":"https:\/\/habichlaw.com\/es\/wp-json\/wp\/v2\/media\/811"}],"wp:attachment":[{"href":"https:\/\/habichlaw.com\/es\/wp-json\/wp\/v2\/media?parent=754"}],"curies":[{"name":"wp","href":"https:\/\/api.w.org\/{rel}","templated":true}]}}