{"id":750,"date":"2024-05-01T00:21:38","date_gmt":"2024-05-01T00:21:38","guid":{"rendered":"https:\/\/habichlaw.com\/areas-de-practica\/employment-based-immigration\/"},"modified":"2024-05-27T18:11:47","modified_gmt":"2024-05-27T18:11:47","slug":"inmigracion-basada-en-el-empleo","status":"publish","type":"page","link":"https:\/\/habichlaw.com\/es\/areas-de-practica\/inmigracion-basada-en-el-empleo\/","title":{"rendered":"Inmigraci\u00f3n Basada en el Empleo"},"content":{"rendered":"\n<div class=\"wp-block-group page-hero is-layout-flow wp-block-group-is-layout-flow\">\n<div class=\"wp-block-cover\"><span aria-hidden=\"true\" class=\"wp-block-cover__background has-background-dim-0 has-background-dim\" style=\"background-color:#423a35\"><\/span><img loading=\"lazy\" decoding=\"async\" width=\"1920\" height=\"1080\" class=\"wp-block-cover__image-background wp-image-409\" alt=\"\" src=\"https:\/\/habichlaw.com\/wp-content\/uploads\/2024\/05\/employ.jpg\" style=\"object-position:77% 20%\" data-object-fit=\"cover\" data-object-position=\"77% 20%\" srcset=\"https:\/\/habichlaw.com\/wp-content\/uploads\/2024\/05\/employ.jpg 1920w, https:\/\/habichlaw.com\/wp-content\/uploads\/2024\/05\/employ-300x169.jpg 300w, https:\/\/habichlaw.com\/wp-content\/uploads\/2024\/05\/employ-1024x576.jpg 1024w, https:\/\/habichlaw.com\/wp-content\/uploads\/2024\/05\/employ-768x432.jpg 768w, https:\/\/habichlaw.com\/wp-content\/uploads\/2024\/05\/employ-1536x864.jpg 1536w\" sizes=\"auto, (max-width: 1920px) 100vw, 1920px\" \/><div class=\"wp-block-cover__inner-container is-layout-constrained wp-block-cover-is-layout-constrained\">\n<h1 class=\"wp-block-heading has-text-align-center has-large-font-size\">Inmigraci\u00f3n Basada en el Empleo<\/h1>\n\n\n\n<p class=\"has-white-color has-text-color has-link-color wp-elements-fb918dd295c066149c709b572da4897f\">Los Estados Unidos ofrecen diversas v\u00edas para las personas que buscan trabajar y contribuir a su econom\u00eda. Nuestros servicios de inmigraci\u00f3n basados en el empleo est\u00e1n dise\u00f1ados para hacer coincidir tus habilidades profesionales con la categor\u00eda de visa adecuada.<\/p>\n\n\n\n<div class=\"wp-block-buttons is-layout-flex wp-block-buttons-is-layout-flex\" style=\"margin-top:var(--wp--preset--spacing--60)\">\n<div class=\"wp-block-button is-style-phone\"><a class=\"wp-block-button__link has-habich-blue-color has-habich-gold-background-color has-text-color has-background has-link-color wp-element-button\" href=\"tel:602 795 8383\">602 795 8383<\/a><\/div>\n\n\n\n<div class=\"wp-block-button is-style-email\"><a class=\"wp-block-button__link has-habich-blue-color has-habich-gold-background-color has-text-color has-background has-link-color wp-element-button\" href=\"https:\/\/habichlaw.com\/es\/contactenos\/\">Cont\u00e1ctanos Hoy<\/a><\/div>\n<\/div>\n\n\n<\/div><\/div>\n<\/div>\n\n\n\n<div class=\"wp-block-group post-content is-layout-flow wp-block-group-is-layout-flow\">\n<h2 class=\"wp-block-heading\" style=\"margin-top:0\">Evaluaci\u00f3n Detallada<\/h2>\n\n\n\n<p style=\"margin-top:var(--wp--preset--spacing--40)\">Habich Law realiza una evaluaci\u00f3n exhaustiva de tus calificaciones, oferta de trabajo y empleador para determinar la categor\u00eda de visa m\u00e1s adecuada, ya sea EB-1, EB-2, EB-3 u otras.<\/p>\n\n\n\n<h2 class=\"wp-block-heading\" style=\"margin-top:var(--wp--preset--spacing--60)\">Colaboraci\u00f3n con el Empleador<\/h2>\n\n\n\n<p style=\"margin-top:var(--wp--preset--spacing--40)\">Habich Law trabaja en estrecha colaboraci\u00f3n con los empleadores para asegurar que todos los documentos requeridos, como la certificaci\u00f3n laboral y la verificaci\u00f3n de empleo, se preparen y presenten de manera precisa.<\/p>\n\n\n\n<h2 class=\"wp-block-heading\" style=\"margin-top:var(--wp--preset--spacing--60)\">Soporte Integral<\/h2>\n\n\n\n<p style=\"margin-top:var(--wp--preset--spacing--40)\">El apoyo de Habich Law se extiende desde la petici\u00f3n inicial de visa hasta el ajuste final de estatus. Asistimos en cada paso, incluyendo la obtenci\u00f3n de permisos de trabajo y la navegaci\u00f3n de cualquier problema potencial que pueda surgir.<\/p>\n\n\n\n<div class=\"wp-block-group cta-post-contact has-white-color has-habich-blue-background-color has-text-color has-background has-link-color wp-elements-32883558570778f7a32e78aeb8504da2 is-layout-flow wp-block-group-is-layout-flow\" style=\"margin-top:var(--wp--preset--spacing--70)\">\n<h3 class=\"wp-block-heading has-text-align-center has-white-color has-text-color has-link-color wp-elements-8893c0202921ec3a1c88fbbc2f443b26\">Cont\u00e1ctanos en Habich Law para asistirte con el proceso de solicitud de inmigraci\u00f3n basada en el empleo.<\/h3>\n\n\n\n<div class=\"wp-block-buttons is-content-justification-center is-layout-flex wp-container-core-buttons-is-layout-16018d1d wp-block-buttons-is-layout-flex\">\n<div class=\"wp-block-button is-style-arrow\"><a class=\"wp-block-button__link has-habich-blue-color has-habich-gold-background-color has-text-color has-background has-link-color wp-element-button\" href=\"https:\/\/habichlaw.com\/es\/contactenos\/\">Programa una Consulta<\/a><\/div>\n<\/div>\n\n\n\n<p><a href=\"https:\/\/habichlaw.com\/contact\/\"><\/a><\/p>\n<\/div>\n\n\n\n<h2 class=\"wp-block-heading\" style=\"margin-top:var(--wp--preset--spacing--60)\">Residencia Permanente Basada en el Empleo y Proceso de Certificaci\u00f3n Laboral<\/h2>\n\n\n\n<p style=\"margin-top:var(--wp--preset--spacing--40)\">Muchas personas se convierten en residentes permanentes a trav\u00e9s de una oferta de empleo. Algunas categor\u00edas requieren una certificaci\u00f3n del Departamento de Trabajo de los EE. UU. para demostrar que no hay suficientes trabajadores estadounidenses que est\u00e9n capacitados, dispuestos, calificados y disponibles en el \u00e1rea geogr\u00e1fica donde el inmigrante ser\u00e1 empleado, y que no se desplazan trabajadores estadounidenses por trabajadores extranjeros.<\/p>\n\n\n\n<p>Existen cinco categor\u00edas de visas de inmigrante basadas en el empleo que te permiten vivir permanentemente en los Estados Unidos:<\/p>\n\n\n\n<h3 class=\"wp-block-heading\" style=\"margin-top:var(--wp--preset--spacing--40)\">Primera Preferencia EB-1<\/h3>\n\n\n\n<p>Esta preferencia est\u00e1 reservada para personas con habilidades extraordinarias en ciencias, artes, educaci\u00f3n, negocios o atletismo; profesores o investigadores destacados; y ejecutivos y gerentes multinacionales.<\/p>\n\n\n\n<h3 class=\"wp-block-heading\" style=\"margin-top:var(--wp--preset--spacing--40)\">Segunda Preferencia EB-2<\/h3>\n\n\n\n<p>Esta preferencia est\u00e1 reservada para personas que son miembros de profesiones con t\u00edtulos avanzados o para personas con habilidades excepcionales en artes, ciencias o negocios. Generalmente, se requiere una Certificaci\u00f3n Laboral del Departamento de Trabajo de los EE. UU., a menos que el solicitante pueda solicitar la Exenci\u00f3n por Inter\u00e9s Nacional.<\/p>\n\n\n\n<h3 class=\"wp-block-heading\" style=\"margin-top:var(--wp--preset--spacing--40)\">Tercera Preferencia EB-3<\/h3>\n\n\n\n<p>Esta preferencia est\u00e1 reservada para profesionales, trabajadores calificados y otros trabajadores.<\/p>\n\n\n\n<h3 class=\"wp-block-heading\" style=\"margin-top:var(--wp--preset--spacing--40)\">Cuarta Preferencia EB-4<\/h3>\n\n\n\n<p>Esta preferencia est\u00e1 reservada para \u00abinmigrantes especiales\u00bb, lo que incluye a ciertos trabajadores religiosos, empleados de puestos del Servicio Exterior de los EE. UU., empleados jubilados de organizaciones internacionales, menores extranjeros que son tutelados por tribunales en los EE. UU. y otras clases de extranjeros.<\/p>\n\n\n\n<h3 class=\"wp-block-heading\" style=\"margin-top:var(--wp--preset--spacing--40)\">Quinta Preferencia EB-5<\/h3>\n\n\n\n<p>Esta preferencia, tambi\u00e9n conocida como el Programa de Inversionistas Inmigrantes, est\u00e1 dise\u00f1ada para estimular la econom\u00eda de los EE. UU. a trav\u00e9s de la creaci\u00f3n de empleos e inversi\u00f3n de capital por parte de inversores extranjeros. Todos los inversores EB-5 deben invertir en una empresa que crear\u00e1 o preservar\u00e1 al menos diez empleos a tiempo completo para trabajadores estadounidenses calificados dentro de los dos a\u00f1os siguientes a la admisi\u00f3n del inversor inmigrante a los Estados Unidos como Residente Permanente Condicional.<\/p>\n\n\n\n<p style=\"margin-top:var(--wp--preset--spacing--40)\">Generalmente, la inversi\u00f3n m\u00ednima requerida es de $1 mill\u00f3n. Sin embargo, si la inversi\u00f3n se realiza en una \u00e1rea de empleo objetivo \u2013 \u00e1rea de alto desempleo o \u00e1rea rural \u2013 la inversi\u00f3n m\u00ednima calificada es de $500,000.<\/p>\n\n\n\n<p style=\"margin-top:var(--wp--preset--spacing--40);margin-bottom:0\">Puedes encontrar una lista de los centros regionales actuales de EB-5 (inversionistas inmigrantes) por estado en el sitio web de Servicios de Ciudadan\u00eda e Inmigraci\u00f3n de los Estados Unidos.<\/p>\n<\/div>\n","protected":false},"excerpt":{"rendered":"<p>Evaluaci\u00f3n Detallada Habich Law realiza una evaluaci\u00f3n exhaustiva de tus calificaciones, oferta de trabajo y empleador para determinar la categor\u00eda de visa m\u00e1s adecuada, ya sea EB-1, EB-2, EB-3 u otras. Colaboraci\u00f3n con el Empleador Habich Law trabaja en estrecha colaboraci\u00f3n con los empleadores para asegurar que todos los documentos requeridos, como la certificaci\u00f3n laboral &hellip; <a href=\"https:\/\/habichlaw.com\/es\/areas-de-practica\/inmigracion-basada-en-el-empleo\/\">Continued<\/a><\/p>\n","protected":false},"author":1,"featured_media":808,"parent":726,"menu_order":0,"comment_status":"closed","ping_status":"closed","template":"","meta":{"_acf_changed":false,"footnotes":""},"class_list":["post-750","page","type-page","status-publish","has-post-thumbnail","hentry"],"acf":[],"yoast_head":"<!-- This site is optimized with the Yoast SEO plugin v23.3 - https:\/\/yoast.com\/wordpress\/plugins\/seo\/ -->\n<title>Inmigraci\u00f3n Basados en Empleo | Habich Law PLC - Phoenix, AZ<\/title>\n<meta name=\"description\" content=\"Proceso de inmigraci\u00f3n basada en el empleo con Habich Law PLC en Phoenix. Evaluaciones detalladas, colaboraci\u00f3n con el empleador y apoyo integral.\" \/>\n<meta name=\"robots\" content=\"index, follow, max-snippet:-1, max-image-preview:large, max-video-preview:-1\" \/>\n<link rel=\"canonical\" href=\"https:\/\/habichlaw.com\/es\/areas-de-practica\/inmigracion-basada-en-el-empleo\/\" \/>\n<meta property=\"og:locale\" content=\"es_ES\" \/>\n<meta property=\"og:type\" content=\"article\" \/>\n<meta property=\"og:title\" content=\"Inmigraci\u00f3n Basados en Empleo | Habich Law PLC - Phoenix, AZ\" \/>\n<meta property=\"og:description\" content=\"Proceso de inmigraci\u00f3n basada en el empleo con Habich Law PLC en Phoenix. Evaluaciones detalladas, colaboraci\u00f3n con el empleador y apoyo integral.\" \/>\n<meta property=\"og:url\" content=\"https:\/\/habichlaw.com\/es\/areas-de-practica\/inmigracion-basada-en-el-empleo\/\" \/>\n<meta property=\"og:site_name\" content=\"Habich Law\" \/>\n<meta property=\"article:modified_time\" content=\"2024-05-27T18:11:47+00:00\" \/>\n<meta property=\"og:image\" content=\"https:\/\/habichlaw.com\/wp-content\/uploads\/2024\/05\/04-1-1.jpg\" \/>\n\t<meta property=\"og:image:width\" content=\"800\" \/>\n\t<meta property=\"og:image:height\" content=\"800\" \/>\n\t<meta property=\"og:image:type\" content=\"image\/jpeg\" \/>\n<meta name=\"twitter:card\" content=\"summary_large_image\" \/>\n<meta name=\"twitter:label1\" content=\"Tiempo de lectura\" \/>\n\t<meta name=\"twitter:data1\" content=\"3 minutos\" \/>\n<script type=\"application\/ld+json\" class=\"yoast-schema-graph\">{\"@context\":\"https:\/\/schema.org\",\"@graph\":[{\"@type\":\"WebPage\",\"@id\":\"https:\/\/habichlaw.com\/es\/areas-de-practica\/inmigracion-basada-en-el-empleo\/\",\"url\":\"https:\/\/habichlaw.com\/es\/areas-de-practica\/inmigracion-basada-en-el-empleo\/\",\"name\":\"Inmigraci\u00f3n Basados en Empleo | Habich Law PLC - Phoenix, AZ\",\"isPartOf\":{\"@id\":\"https:\/\/habichlaw.com\/es\/#website\"},\"primaryImageOfPage\":{\"@id\":\"https:\/\/habichlaw.com\/es\/areas-de-practica\/inmigracion-basada-en-el-empleo\/#primaryimage\"},\"image\":{\"@id\":\"https:\/\/habichlaw.com\/es\/areas-de-practica\/inmigracion-basada-en-el-empleo\/#primaryimage\"},\"thumbnailUrl\":\"https:\/\/habichlaw.com\/wp-content\/uploads\/2024\/05\/04-1-1.jpg\",\"datePublished\":\"2024-05-01T00:21:38+00:00\",\"dateModified\":\"2024-05-27T18:11:47+00:00\",\"description\":\"Proceso de inmigraci\u00f3n basada en el empleo con Habich Law PLC en Phoenix. Evaluaciones detalladas, colaboraci\u00f3n con el empleador y apoyo integral.\",\"breadcrumb\":{\"@id\":\"https:\/\/habichlaw.com\/es\/areas-de-practica\/inmigracion-basada-en-el-empleo\/#breadcrumb\"},\"inLanguage\":\"es\",\"potentialAction\":[{\"@type\":\"ReadAction\",\"target\":[\"https:\/\/habichlaw.com\/es\/areas-de-practica\/inmigracion-basada-en-el-empleo\/\"]}]},{\"@type\":\"ImageObject\",\"inLanguage\":\"es\",\"@id\":\"https:\/\/habichlaw.com\/es\/areas-de-practica\/inmigracion-basada-en-el-empleo\/#primaryimage\",\"url\":\"https:\/\/habichlaw.com\/wp-content\/uploads\/2024\/05\/04-1-1.jpg\",\"contentUrl\":\"https:\/\/habichlaw.com\/wp-content\/uploads\/2024\/05\/04-1-1.jpg\",\"width\":800,\"height\":800},{\"@type\":\"BreadcrumbList\",\"@id\":\"https:\/\/habichlaw.com\/es\/areas-de-practica\/inmigracion-basada-en-el-empleo\/#breadcrumb\",\"itemListElement\":[{\"@type\":\"ListItem\",\"position\":1,\"name\":\"Home\",\"item\":\"https:\/\/habichlaw.com\/es\/\"},{\"@type\":\"ListItem\",\"position\":2,\"name\":\"\u00c1reas de Pr\u00e1ctica\",\"item\":\"https:\/\/habichlaw.com\/es\/practice-areas\/\"},{\"@type\":\"ListItem\",\"position\":3,\"name\":\"Inmigraci\u00f3n Basada en el Empleo\"}]},{\"@type\":\"WebSite\",\"@id\":\"https:\/\/habichlaw.com\/es\/#website\",\"url\":\"https:\/\/habichlaw.com\/es\/\",\"name\":\"Habich Law\",\"description\":\"\",\"potentialAction\":[{\"@type\":\"SearchAction\",\"target\":{\"@type\":\"EntryPoint\",\"urlTemplate\":\"https:\/\/habichlaw.com\/es\/?s={search_term_string}\"},\"query-input\":\"required name=search_term_string\"}],\"inLanguage\":\"es\"}]}<\/script>\n<!-- \/ Yoast SEO plugin. -->","yoast_head_json":{"title":"Inmigraci\u00f3n Basados en Empleo | Habich Law PLC - Phoenix, AZ","description":"Proceso de inmigraci\u00f3n basada en el empleo con Habich Law PLC en Phoenix. Evaluaciones detalladas, colaboraci\u00f3n con el empleador y apoyo integral.","robots":{"index":"index","follow":"follow","max-snippet":"max-snippet:-1","max-image-preview":"max-image-preview:large","max-video-preview":"max-video-preview:-1"},"canonical":"https:\/\/habichlaw.com\/es\/areas-de-practica\/inmigracion-basada-en-el-empleo\/","og_locale":"es_ES","og_type":"article","og_title":"Inmigraci\u00f3n Basados en Empleo | Habich Law PLC - Phoenix, AZ","og_description":"Proceso de inmigraci\u00f3n basada en el empleo con Habich Law PLC en Phoenix. Evaluaciones detalladas, colaboraci\u00f3n con el empleador y apoyo integral.","og_url":"https:\/\/habichlaw.com\/es\/areas-de-practica\/inmigracion-basada-en-el-empleo\/","og_site_name":"Habich Law","article_modified_time":"2024-05-27T18:11:47+00:00","og_image":[{"width":800,"height":800,"url":"https:\/\/habichlaw.com\/wp-content\/uploads\/2024\/05\/04-1-1.jpg","type":"image\/jpeg"}],"twitter_card":"summary_large_image","twitter_misc":{"Tiempo de lectura":"3 minutos"},"schema":{"@context":"https:\/\/schema.org","@graph":[{"@type":"WebPage","@id":"https:\/\/habichlaw.com\/es\/areas-de-practica\/inmigracion-basada-en-el-empleo\/","url":"https:\/\/habichlaw.com\/es\/areas-de-practica\/inmigracion-basada-en-el-empleo\/","name":"Inmigraci\u00f3n Basados en Empleo | Habich Law PLC - Phoenix, AZ","isPartOf":{"@id":"https:\/\/habichlaw.com\/es\/#website"},"primaryImageOfPage":{"@id":"https:\/\/habichlaw.com\/es\/areas-de-practica\/inmigracion-basada-en-el-empleo\/#primaryimage"},"image":{"@id":"https:\/\/habichlaw.com\/es\/areas-de-practica\/inmigracion-basada-en-el-empleo\/#primaryimage"},"thumbnailUrl":"https:\/\/habichlaw.com\/wp-content\/uploads\/2024\/05\/04-1-1.jpg","datePublished":"2024-05-01T00:21:38+00:00","dateModified":"2024-05-27T18:11:47+00:00","description":"Proceso de inmigraci\u00f3n basada en el empleo con Habich Law PLC en Phoenix. Evaluaciones detalladas, colaboraci\u00f3n con el empleador y apoyo integral.","breadcrumb":{"@id":"https:\/\/habichlaw.com\/es\/areas-de-practica\/inmigracion-basada-en-el-empleo\/#breadcrumb"},"inLanguage":"es","potentialAction":[{"@type":"ReadAction","target":["https:\/\/habichlaw.com\/es\/areas-de-practica\/inmigracion-basada-en-el-empleo\/"]}]},{"@type":"ImageObject","inLanguage":"es","@id":"https:\/\/habichlaw.com\/es\/areas-de-practica\/inmigracion-basada-en-el-empleo\/#primaryimage","url":"https:\/\/habichlaw.com\/wp-content\/uploads\/2024\/05\/04-1-1.jpg","contentUrl":"https:\/\/habichlaw.com\/wp-content\/uploads\/2024\/05\/04-1-1.jpg","width":800,"height":800},{"@type":"BreadcrumbList","@id":"https:\/\/habichlaw.com\/es\/areas-de-practica\/inmigracion-basada-en-el-empleo\/#breadcrumb","itemListElement":[{"@type":"ListItem","position":1,"name":"Home","item":"https:\/\/habichlaw.com\/es\/"},{"@type":"ListItem","position":2,"name":"\u00c1reas de Pr\u00e1ctica","item":"https:\/\/habichlaw.com\/es\/practice-areas\/"},{"@type":"ListItem","position":3,"name":"Inmigraci\u00f3n Basada en el Empleo"}]},{"@type":"WebSite","@id":"https:\/\/habichlaw.com\/es\/#website","url":"https:\/\/habichlaw.com\/es\/","name":"Habich Law","description":"","potentialAction":[{"@type":"SearchAction","target":{"@type":"EntryPoint","urlTemplate":"https:\/\/habichlaw.com\/es\/?s={search_term_string}"},"query-input":"required name=search_term_string"}],"inLanguage":"es"}]}},"_links":{"self":[{"href":"https:\/\/habichlaw.com\/es\/wp-json\/wp\/v2\/pages\/750","targetHints":{"allow":["GET"]}}],"collection":[{"href":"https:\/\/habichlaw.com\/es\/wp-json\/wp\/v2\/pages"}],"about":[{"href":"https:\/\/habichlaw.com\/es\/wp-json\/wp\/v2\/types\/page"}],"author":[{"embeddable":true,"href":"https:\/\/habichlaw.com\/es\/wp-json\/wp\/v2\/users\/1"}],"replies":[{"embeddable":true,"href":"https:\/\/habichlaw.com\/es\/wp-json\/wp\/v2\/comments?post=750"}],"version-history":[{"count":2,"href":"https:\/\/habichlaw.com\/es\/wp-json\/wp\/v2\/pages\/750\/revisions"}],"predecessor-version":[{"id":753,"href":"https:\/\/habichlaw.com\/es\/wp-json\/wp\/v2\/pages\/750\/revisions\/753"}],"up":[{"embeddable":true,"href":"https:\/\/habichlaw.com\/es\/wp-json\/wp\/v2\/pages\/726"}],"wp:featuredmedia":[{"embeddable":true,"href":"https:\/\/habichlaw.com\/es\/wp-json\/wp\/v2\/media\/808"}],"wp:attachment":[{"href":"https:\/\/habichlaw.com\/es\/wp-json\/wp\/v2\/media?parent=750"}],"curies":[{"name":"wp","href":"https:\/\/api.w.org\/{rel}","templated":true}]}}