{"id":735,"date":"2024-05-01T00:19:20","date_gmt":"2024-05-01T00:19:20","guid":{"rendered":"https:\/\/habichlaw.com\/resources\/"},"modified":"2024-05-27T15:23:52","modified_gmt":"2024-05-27T15:23:52","slug":"recursos","status":"publish","type":"page","link":"https:\/\/habichlaw.com\/es\/recursos\/","title":{"rendered":"Recursos"},"content":{"rendered":"\n<div class=\"wp-block-group page-hero is-layout-flow wp-block-group-is-layout-flow\">\n<div class=\"wp-block-cover\"><span aria-hidden=\"true\" class=\"wp-block-cover__background has-background-dim-0 has-background-dim\" style=\"background-color:#423a35\"><\/span><img loading=\"lazy\" decoding=\"async\" width=\"1920\" height=\"1080\" class=\"wp-block-cover__image-background wp-image-526\" alt=\"\" src=\"https:\/\/habichlaw.com\/wp-content\/uploads\/2024\/05\/resources.jpg\" data-object-fit=\"cover\" srcset=\"https:\/\/habichlaw.com\/wp-content\/uploads\/2024\/05\/resources.jpg 1920w, https:\/\/habichlaw.com\/wp-content\/uploads\/2024\/05\/resources-300x169.jpg 300w, https:\/\/habichlaw.com\/wp-content\/uploads\/2024\/05\/resources-1024x576.jpg 1024w, https:\/\/habichlaw.com\/wp-content\/uploads\/2024\/05\/resources-768x432.jpg 768w, https:\/\/habichlaw.com\/wp-content\/uploads\/2024\/05\/resources-1536x864.jpg 1536w\" sizes=\"auto, (max-width: 1920px) 100vw, 1920px\" \/><div class=\"wp-block-cover__inner-container is-layout-constrained wp-block-cover-is-layout-constrained\">\n<h1 class=\"wp-block-heading has-text-align-center has-large-font-size\">Recursos, Enlaces R\u00e1pidos Relacionados con la Inmigraci\u00f3n<\/h1>\n\n\n\n<p>Hemos compilado una lista de recursos frecuentes (enlaces r\u00e1pidos) que son \u00fatiles para navegar el proceso de inmigraci\u00f3n en los Estados Unidos.<\/p>\n\n\n\n<div class=\"wp-block-buttons is-layout-flex wp-block-buttons-is-layout-flex\" style=\"margin-top:var(--wp--preset--spacing--60)\">\n<div class=\"wp-block-button is-style-phone\"><a class=\"wp-block-button__link has-habich-blue-color has-habich-gold-background-color has-text-color has-background has-link-color wp-element-button\" href=\"tel:602 795 8383\">602 795 8383<\/a><\/div>\n\n\n\n<div class=\"wp-block-button is-style-email\"><a class=\"wp-block-button__link has-habich-blue-color has-habich-gold-background-color has-text-color has-background has-link-color wp-element-button\" href=\"https:\/\/habichlaw.com\/es\/contactenos\/\">Cont\u00e1ctenos Hoy<\/a><\/div>\n<\/div>\n\n\n<\/div><\/div>\n<\/div>\n\n\n\n<div class=\"wp-block-group post-content is-layout-flow wp-block-group-is-layout-flow\">\n<div class=\"wp-block-columns is-layout-flex wp-container-core-columns-is-layout-9d6595d7 wp-block-columns-is-layout-flex\">\n<div class=\"wp-block-column is-layout-flow wp-block-column-is-layout-flow\">\n<ul class=\"wp-block-list\">\n<li><a href=\"https:\/\/www.uscis.gov\/\" target=\"_blank\" rel=\"noreferrer noopener\">U.S. Citizenship and Immigration Services (USCIS)<\/a><\/li>\n\n\n\n<li><a href=\"https:\/\/www.ice.gov\/\" target=\"_blank\" rel=\"noreferrer noopener\">U.S. Immigration and Customs Enforcement (USICE)<\/a><\/li>\n\n\n\n<li><a href=\"https:\/\/www.dhs.gov\/\" target=\"_blank\" rel=\"noreferrer noopener\">Department of Homeland Security (DHS)<\/a><\/li>\n\n\n\n<li><a href=\"https:\/\/www.justice.gov\/eoir\/eoir-immigration-court-listing\" target=\"_blank\" rel=\"noreferrer noopener\">Immigration Courts<\/a><\/li>\n\n\n\n<li><a href=\"https:\/\/www.justice.gov\/eoir\" target=\"_blank\" rel=\"noreferrer noopener\">Executive Office for Immigration Review (EOIR)<\/a><\/li>\n\n\n\n<li><a href=\"https:\/\/www.justice.gov\/eoir\/board-of-immigration-appeals\" target=\"_blank\" rel=\"noreferrer noopener\">Board of Immigration Appeals (BIA)<\/a><\/li>\n\n\n\n<li><a href=\"https:\/\/www.dol.gov\/\" target=\"_blank\" rel=\"noreferrer noopener\">Department of Labor (DOL)<\/a><\/li>\n<\/ul>\n<\/div>\n\n\n\n<div class=\"wp-block-column is-layout-flow wp-block-column-is-layout-flow\">\n<ul class=\"wp-block-list\">\n<li><a href=\"https:\/\/www.uscourts.gov\/federal-court-finder\/search\" target=\"_blank\" rel=\"noreferrer noopener\">Federal Courts<\/a><\/li>\n\n\n\n<li><a href=\"https:\/\/travel.state.gov\/content\/travel\/en\/legal\/visa-law0\/visa-bulletin.html\" target=\"_blank\" rel=\"noreferrer noopener\">Visa Bulletin (\u201cDOS\u201d)<\/a><\/li>\n\n\n\n<li><a href=\"https:\/\/my.uscis.gov\/en\/appointment\/v2\" target=\"_blank\" rel=\"noreferrer noopener\">INFOPASS (\u201cUSCIS\u201d)<\/a><\/li>\n\n\n\n<li><a href=\"https:\/\/travel.state.gov\/content\/travel\/en\/us-visas.html\" target=\"_blank\" rel=\"noreferrer noopener\">U.S. Visas (\u201cDOS\u201d)<\/a><\/li>\n\n\n\n<li><a href=\"https:\/\/egov.uscis.gov\/office-locator\/#\/\" target=\"_blank\" rel=\"noreferrer noopener\">USCIS Online Change of Address (\u201cUSCIS\u201d)<\/a><\/li>\n\n\n\n<li><a href=\"https:\/\/www.state.gov\/\" target=\"_blank\" rel=\"noreferrer noopener\">Department of State (\u201cDOS\u201d)<\/a><\/li>\n\n\n\n<li><a href=\"https:\/\/www.usembassy.gov\/\" target=\"_blank\" rel=\"noreferrer noopener\">U.S. Embassies and Consulates (\u201cDOS\u201d)<\/a><\/li>\n\n\n\n<li><a href=\"https:\/\/travel.state.gov\/content\/travel\/en\/us-visas\/Visa-Reciprocity-and-Civil-Documents-by-Country.html\" target=\"_blank\" rel=\"noreferrer noopener\">Visa Reciprocity and Country Documents (\u201cDOS\u201d)<\/a><\/li>\n<\/ul>\n<\/div>\n\n\n\n<div class=\"wp-block-column is-layout-flow wp-block-column-is-layout-flow\">\n<ul class=\"wp-block-list\">\n<li><a href=\"https:\/\/superiorcourt.maricopa.gov\/\" target=\"_blank\" rel=\"noreferrer noopener\">Superior Court of Arizona, Maricopa County<\/a><\/li>\n\n\n\n<li><a href=\"https:\/\/www.azcourts.gov\/azsupremecourt.aspx\" target=\"_blank\" rel=\"noreferrer noopener\">Arizona Supreme Court<\/a><\/li>\n\n\n\n<li><a href=\"https:\/\/www.azcc.gov\/\" target=\"_blank\" rel=\"noreferrer noopener\">Arizona Corporation Commission<\/a><\/li>\n\n\n\n<li><a href=\"https:\/\/locator.ice.gov\/odls\/#\/index\" target=\"_blank\" rel=\"noreferrer noopener\">Online Detainee Locator System<\/a><\/li>\n<\/ul>\n<\/div>\n<\/div>\n<\/div>\n","protected":false},"excerpt":{"rendered":"","protected":false},"author":1,"featured_media":0,"parent":0,"menu_order":0,"comment_status":"closed","ping_status":"closed","template":"","meta":{"_acf_changed":false,"footnotes":""},"class_list":["post-735","page","type-page","status-publish","hentry"],"acf":[],"yoast_head":"<!-- This site is optimized with the Yoast SEO plugin v23.3 - https:\/\/yoast.com\/wordpress\/plugins\/seo\/ -->\n<title>Recursos - Habich Law<\/title>\n<meta name=\"robots\" content=\"index, follow, max-snippet:-1, max-image-preview:large, max-video-preview:-1\" \/>\n<link rel=\"canonical\" href=\"https:\/\/habichlaw.com\/es\/recursos\/\" \/>\n<meta property=\"og:locale\" content=\"es_ES\" \/>\n<meta property=\"og:type\" content=\"article\" \/>\n<meta property=\"og:title\" content=\"Recursos - Habich Law\" \/>\n<meta property=\"og:url\" content=\"https:\/\/habichlaw.com\/es\/recursos\/\" \/>\n<meta property=\"og:site_name\" content=\"Habich Law\" \/>\n<meta property=\"article:modified_time\" content=\"2024-05-27T15:23:52+00:00\" \/>\n<meta property=\"og:image\" content=\"https:\/\/habichlaw.com\/wp-content\/uploads\/2024\/05\/resources.jpg\" \/>\n<meta name=\"twitter:card\" content=\"summary_large_image\" \/>\n<meta name=\"twitter:label1\" content=\"Tiempo de lectura\" \/>\n\t<meta name=\"twitter:data1\" content=\"1 minuto\" \/>\n<script type=\"application\/ld+json\" class=\"yoast-schema-graph\">{\"@context\":\"https:\/\/schema.org\",\"@graph\":[{\"@type\":\"WebPage\",\"@id\":\"https:\/\/habichlaw.com\/es\/recursos\/\",\"url\":\"https:\/\/habichlaw.com\/es\/recursos\/\",\"name\":\"Recursos - Habich Law\",\"isPartOf\":{\"@id\":\"https:\/\/habichlaw.com\/es\/#website\"},\"primaryImageOfPage\":{\"@id\":\"https:\/\/habichlaw.com\/es\/recursos\/#primaryimage\"},\"image\":{\"@id\":\"https:\/\/habichlaw.com\/es\/recursos\/#primaryimage\"},\"thumbnailUrl\":\"https:\/\/habichlaw.com\/wp-content\/uploads\/2024\/05\/resources.jpg\",\"datePublished\":\"2024-05-01T00:19:20+00:00\",\"dateModified\":\"2024-05-27T15:23:52+00:00\",\"breadcrumb\":{\"@id\":\"https:\/\/habichlaw.com\/es\/recursos\/#breadcrumb\"},\"inLanguage\":\"es\",\"potentialAction\":[{\"@type\":\"ReadAction\",\"target\":[\"https:\/\/habichlaw.com\/es\/recursos\/\"]}]},{\"@type\":\"ImageObject\",\"inLanguage\":\"es\",\"@id\":\"https:\/\/habichlaw.com\/es\/recursos\/#primaryimage\",\"url\":\"https:\/\/habichlaw.com\/wp-content\/uploads\/2024\/05\/resources.jpg\",\"contentUrl\":\"https:\/\/habichlaw.com\/wp-content\/uploads\/2024\/05\/resources.jpg\"},{\"@type\":\"BreadcrumbList\",\"@id\":\"https:\/\/habichlaw.com\/es\/recursos\/#breadcrumb\",\"itemListElement\":[{\"@type\":\"ListItem\",\"position\":1,\"name\":\"Home\",\"item\":\"https:\/\/habichlaw.com\/es\/\"},{\"@type\":\"ListItem\",\"position\":2,\"name\":\"Recursos\"}]},{\"@type\":\"WebSite\",\"@id\":\"https:\/\/habichlaw.com\/es\/#website\",\"url\":\"https:\/\/habichlaw.com\/es\/\",\"name\":\"Habich Law\",\"description\":\"\",\"potentialAction\":[{\"@type\":\"SearchAction\",\"target\":{\"@type\":\"EntryPoint\",\"urlTemplate\":\"https:\/\/habichlaw.com\/es\/?s={search_term_string}\"},\"query-input\":\"required name=search_term_string\"}],\"inLanguage\":\"es\"}]}<\/script>\n<!-- \/ Yoast SEO plugin. -->","yoast_head_json":{"title":"Recursos - Habich Law","robots":{"index":"index","follow":"follow","max-snippet":"max-snippet:-1","max-image-preview":"max-image-preview:large","max-video-preview":"max-video-preview:-1"},"canonical":"https:\/\/habichlaw.com\/es\/recursos\/","og_locale":"es_ES","og_type":"article","og_title":"Recursos - Habich Law","og_url":"https:\/\/habichlaw.com\/es\/recursos\/","og_site_name":"Habich Law","article_modified_time":"2024-05-27T15:23:52+00:00","og_image":[{"url":"https:\/\/habichlaw.com\/wp-content\/uploads\/2024\/05\/resources.jpg"}],"twitter_card":"summary_large_image","twitter_misc":{"Tiempo de lectura":"1 minuto"},"schema":{"@context":"https:\/\/schema.org","@graph":[{"@type":"WebPage","@id":"https:\/\/habichlaw.com\/es\/recursos\/","url":"https:\/\/habichlaw.com\/es\/recursos\/","name":"Recursos - Habich Law","isPartOf":{"@id":"https:\/\/habichlaw.com\/es\/#website"},"primaryImageOfPage":{"@id":"https:\/\/habichlaw.com\/es\/recursos\/#primaryimage"},"image":{"@id":"https:\/\/habichlaw.com\/es\/recursos\/#primaryimage"},"thumbnailUrl":"https:\/\/habichlaw.com\/wp-content\/uploads\/2024\/05\/resources.jpg","datePublished":"2024-05-01T00:19:20+00:00","dateModified":"2024-05-27T15:23:52+00:00","breadcrumb":{"@id":"https:\/\/habichlaw.com\/es\/recursos\/#breadcrumb"},"inLanguage":"es","potentialAction":[{"@type":"ReadAction","target":["https:\/\/habichlaw.com\/es\/recursos\/"]}]},{"@type":"ImageObject","inLanguage":"es","@id":"https:\/\/habichlaw.com\/es\/recursos\/#primaryimage","url":"https:\/\/habichlaw.com\/wp-content\/uploads\/2024\/05\/resources.jpg","contentUrl":"https:\/\/habichlaw.com\/wp-content\/uploads\/2024\/05\/resources.jpg"},{"@type":"BreadcrumbList","@id":"https:\/\/habichlaw.com\/es\/recursos\/#breadcrumb","itemListElement":[{"@type":"ListItem","position":1,"name":"Home","item":"https:\/\/habichlaw.com\/es\/"},{"@type":"ListItem","position":2,"name":"Recursos"}]},{"@type":"WebSite","@id":"https:\/\/habichlaw.com\/es\/#website","url":"https:\/\/habichlaw.com\/es\/","name":"Habich Law","description":"","potentialAction":[{"@type":"SearchAction","target":{"@type":"EntryPoint","urlTemplate":"https:\/\/habichlaw.com\/es\/?s={search_term_string}"},"query-input":"required name=search_term_string"}],"inLanguage":"es"}]}},"_links":{"self":[{"href":"https:\/\/habichlaw.com\/es\/wp-json\/wp\/v2\/pages\/735","targetHints":{"allow":["GET"]}}],"collection":[{"href":"https:\/\/habichlaw.com\/es\/wp-json\/wp\/v2\/pages"}],"about":[{"href":"https:\/\/habichlaw.com\/es\/wp-json\/wp\/v2\/types\/page"}],"author":[{"embeddable":true,"href":"https:\/\/habichlaw.com\/es\/wp-json\/wp\/v2\/users\/1"}],"replies":[{"embeddable":true,"href":"https:\/\/habichlaw.com\/es\/wp-json\/wp\/v2\/comments?post=735"}],"version-history":[{"count":1,"href":"https:\/\/habichlaw.com\/es\/wp-json\/wp\/v2\/pages\/735\/revisions"}],"predecessor-version":[{"id":737,"href":"https:\/\/habichlaw.com\/es\/wp-json\/wp\/v2\/pages\/735\/revisions\/737"}],"wp:attachment":[{"href":"https:\/\/habichlaw.com\/es\/wp-json\/wp\/v2\/media?parent=735"}],"curies":[{"name":"wp","href":"https:\/\/api.w.org\/{rel}","templated":true}]}}