{"id":720,"date":"2024-04-30T21:56:17","date_gmt":"2024-04-30T21:56:17","guid":{"rendered":"https:\/\/habichlaw.com\/contact\/"},"modified":"2024-05-27T17:53:07","modified_gmt":"2024-05-27T17:53:07","slug":"contactenos","status":"publish","type":"page","link":"https:\/\/habichlaw.com\/es\/contactenos\/","title":{"rendered":"Cont\u00e1ctenos"},"content":{"rendered":"\n<div class=\"wp-block-group page-hero is-layout-flow wp-block-group-is-layout-flow\">\n<div class=\"wp-block-cover\"><span aria-hidden=\"true\" class=\"wp-block-cover__background has-background-dim-0 has-background-dim\" style=\"background-color:#423a35\"><\/span><img loading=\"lazy\" decoding=\"async\" width=\"1920\" height=\"1080\" class=\"wp-block-cover__image-background wp-image-614\" alt=\"\" src=\"https:\/\/habichlaw.com\/wp-content\/uploads\/2024\/05\/HERO-contact.jpg\" data-object-fit=\"cover\" srcset=\"https:\/\/habichlaw.com\/wp-content\/uploads\/2024\/05\/HERO-contact.jpg 1920w, https:\/\/habichlaw.com\/wp-content\/uploads\/2024\/05\/HERO-contact-300x169.jpg 300w, https:\/\/habichlaw.com\/wp-content\/uploads\/2024\/05\/HERO-contact-1024x576.jpg 1024w, https:\/\/habichlaw.com\/wp-content\/uploads\/2024\/05\/HERO-contact-768x432.jpg 768w, https:\/\/habichlaw.com\/wp-content\/uploads\/2024\/05\/HERO-contact-1536x864.jpg 1536w\" sizes=\"auto, (max-width: 1920px) 100vw, 1920px\" \/><div class=\"wp-block-cover__inner-container is-layout-constrained wp-block-cover-is-layout-constrained\">\n<h1 class=\"wp-block-heading has-text-align-center has-large-font-size\">Cont\u00e1ctenos<\/h1>\n\n\n\n<p class=\"has-white-color has-text-color has-link-color wp-elements-68bc65288cd7b4e7b8a84c2a343c4f2a\">Ya sea que est\u00e9 buscando ayuda con visas, tarjetas verdes, ciudadan\u00eda o cualquier otro asunto de inmigraci\u00f3n, estamos aqu\u00ed para asistirle. Cont\u00e1ctenos hoy para programar una consulta y dar el primer paso hacia su nuevo futuro.<\/p>\n\n\n\n<div class=\"wp-block-buttons is-layout-flex wp-block-buttons-is-layout-flex\" style=\"margin-top:var(--wp--preset--spacing--60)\">\n<div class=\"wp-block-button is-style-phone\"><a class=\"wp-block-button__link has-habich-blue-color has-habich-gold-background-color has-text-color has-background has-link-color wp-element-button\" href=\"tel:602 795 8383\">602 795 8383<\/a><\/div>\n<\/div>\n\n\n<\/div><\/div>\n<\/div>\n","protected":false},"excerpt":{"rendered":"","protected":false},"author":1,"featured_media":798,"parent":0,"menu_order":0,"comment_status":"closed","ping_status":"closed","template":"","meta":{"_acf_changed":false,"footnotes":""},"class_list":["post-720","page","type-page","status-publish","has-post-thumbnail","hentry"],"acf":[],"yoast_head":"<!-- This site is optimized with the Yoast SEO plugin v23.3 - https:\/\/yoast.com\/wordpress\/plugins\/seo\/ -->\n<title>Cont\u00e1ctenos | Habich Law PLC - Phoenix, AZ<\/title>\n<meta name=\"description\" content=\"\u00bfNecesita ayuda con inmigraci\u00f3n? Contacte a Habich Law PLC en Phoenix, AZ para asistencia con visas, tarjetas verdes y ciudadan\u00eda.\" \/>\n<meta name=\"robots\" content=\"index, follow, max-snippet:-1, max-image-preview:large, max-video-preview:-1\" \/>\n<link rel=\"canonical\" href=\"https:\/\/habichlaw.com\/es\/contactenos\/\" \/>\n<meta property=\"og:locale\" content=\"es_ES\" \/>\n<meta property=\"og:type\" content=\"article\" \/>\n<meta property=\"og:title\" content=\"Cont\u00e1ctenos | Habich Law PLC - Phoenix, AZ\" \/>\n<meta property=\"og:description\" content=\"\u00bfNecesita ayuda con inmigraci\u00f3n? Contacte a Habich Law PLC en Phoenix, AZ para asistencia con visas, tarjetas verdes y ciudadan\u00eda.\" \/>\n<meta property=\"og:url\" content=\"https:\/\/habichlaw.com\/es\/contactenos\/\" \/>\n<meta property=\"og:site_name\" content=\"Habich Law\" \/>\n<meta property=\"article:modified_time\" content=\"2024-05-27T17:53:07+00:00\" \/>\n<meta property=\"og:image\" content=\"https:\/\/habich.roarcreativellc.com\/wp-content\/uploads\/2024\/05\/HERO03-2.jpg\" \/>\n\t<meta property=\"og:image:width\" content=\"744\" \/>\n\t<meta property=\"og:image:height\" content=\"780\" \/>\n\t<meta property=\"og:image:type\" content=\"image\/jpeg\" \/>\n<meta name=\"twitter:card\" content=\"summary_large_image\" \/>\n<meta name=\"twitter:label1\" content=\"Tiempo de lectura\" \/>\n\t<meta name=\"twitter:data1\" content=\"1 minuto\" \/>\n<script type=\"application\/ld+json\" class=\"yoast-schema-graph\">{\"@context\":\"https:\/\/schema.org\",\"@graph\":[{\"@type\":\"WebPage\",\"@id\":\"https:\/\/habichlaw.com\/es\/contactenos\/\",\"url\":\"https:\/\/habichlaw.com\/es\/contactenos\/\",\"name\":\"Cont\u00e1ctenos | Habich Law PLC - Phoenix, AZ\",\"isPartOf\":{\"@id\":\"https:\/\/habichlaw.com\/es\/#website\"},\"primaryImageOfPage\":{\"@id\":\"https:\/\/habichlaw.com\/es\/contactenos\/#primaryimage\"},\"image\":{\"@id\":\"https:\/\/habichlaw.com\/es\/contactenos\/#primaryimage\"},\"thumbnailUrl\":\"https:\/\/habichlaw.com\/wp-content\/uploads\/2024\/05\/HERO03-2.jpg\",\"datePublished\":\"2024-04-30T21:56:17+00:00\",\"dateModified\":\"2024-05-27T17:53:07+00:00\",\"description\":\"\u00bfNecesita ayuda con inmigraci\u00f3n? Contacte a Habich Law PLC en Phoenix, AZ para asistencia con visas, tarjetas verdes y ciudadan\u00eda.\",\"breadcrumb\":{\"@id\":\"https:\/\/habichlaw.com\/es\/contactenos\/#breadcrumb\"},\"inLanguage\":\"es\",\"potentialAction\":[{\"@type\":\"ReadAction\",\"target\":[\"https:\/\/habichlaw.com\/es\/contactenos\/\"]}]},{\"@type\":\"ImageObject\",\"inLanguage\":\"es\",\"@id\":\"https:\/\/habichlaw.com\/es\/contactenos\/#primaryimage\",\"url\":\"https:\/\/habichlaw.com\/wp-content\/uploads\/2024\/05\/HERO03-2.jpg\",\"contentUrl\":\"https:\/\/habichlaw.com\/wp-content\/uploads\/2024\/05\/HERO03-2.jpg\",\"width\":744,\"height\":780},{\"@type\":\"BreadcrumbList\",\"@id\":\"https:\/\/habichlaw.com\/es\/contactenos\/#breadcrumb\",\"itemListElement\":[{\"@type\":\"ListItem\",\"position\":1,\"name\":\"Home\",\"item\":\"https:\/\/habichlaw.com\/es\/\"},{\"@type\":\"ListItem\",\"position\":2,\"name\":\"Cont\u00e1ctenos\"}]},{\"@type\":\"WebSite\",\"@id\":\"https:\/\/habichlaw.com\/es\/#website\",\"url\":\"https:\/\/habichlaw.com\/es\/\",\"name\":\"Habich Law\",\"description\":\"\",\"potentialAction\":[{\"@type\":\"SearchAction\",\"target\":{\"@type\":\"EntryPoint\",\"urlTemplate\":\"https:\/\/habichlaw.com\/es\/?s={search_term_string}\"},\"query-input\":\"required name=search_term_string\"}],\"inLanguage\":\"es\"}]}<\/script>\n<!-- \/ Yoast SEO plugin. -->","yoast_head_json":{"title":"Cont\u00e1ctenos | Habich Law PLC - Phoenix, AZ","description":"\u00bfNecesita ayuda con inmigraci\u00f3n? Contacte a Habich Law PLC en Phoenix, AZ para asistencia con visas, tarjetas verdes y ciudadan\u00eda.","robots":{"index":"index","follow":"follow","max-snippet":"max-snippet:-1","max-image-preview":"max-image-preview:large","max-video-preview":"max-video-preview:-1"},"canonical":"https:\/\/habichlaw.com\/es\/contactenos\/","og_locale":"es_ES","og_type":"article","og_title":"Cont\u00e1ctenos | Habich Law PLC - Phoenix, AZ","og_description":"\u00bfNecesita ayuda con inmigraci\u00f3n? Contacte a Habich Law PLC en Phoenix, AZ para asistencia con visas, tarjetas verdes y ciudadan\u00eda.","og_url":"https:\/\/habichlaw.com\/es\/contactenos\/","og_site_name":"Habich Law","article_modified_time":"2024-05-27T17:53:07+00:00","og_image":[{"width":744,"height":780,"url":"https:\/\/habich.roarcreativellc.com\/wp-content\/uploads\/2024\/05\/HERO03-2.jpg","type":"image\/jpeg"}],"twitter_card":"summary_large_image","twitter_misc":{"Tiempo de lectura":"1 minuto"},"schema":{"@context":"https:\/\/schema.org","@graph":[{"@type":"WebPage","@id":"https:\/\/habichlaw.com\/es\/contactenos\/","url":"https:\/\/habichlaw.com\/es\/contactenos\/","name":"Cont\u00e1ctenos | Habich Law PLC - Phoenix, AZ","isPartOf":{"@id":"https:\/\/habichlaw.com\/es\/#website"},"primaryImageOfPage":{"@id":"https:\/\/habichlaw.com\/es\/contactenos\/#primaryimage"},"image":{"@id":"https:\/\/habichlaw.com\/es\/contactenos\/#primaryimage"},"thumbnailUrl":"https:\/\/habichlaw.com\/wp-content\/uploads\/2024\/05\/HERO03-2.jpg","datePublished":"2024-04-30T21:56:17+00:00","dateModified":"2024-05-27T17:53:07+00:00","description":"\u00bfNecesita ayuda con inmigraci\u00f3n? Contacte a Habich Law PLC en Phoenix, AZ para asistencia con visas, tarjetas verdes y ciudadan\u00eda.","breadcrumb":{"@id":"https:\/\/habichlaw.com\/es\/contactenos\/#breadcrumb"},"inLanguage":"es","potentialAction":[{"@type":"ReadAction","target":["https:\/\/habichlaw.com\/es\/contactenos\/"]}]},{"@type":"ImageObject","inLanguage":"es","@id":"https:\/\/habichlaw.com\/es\/contactenos\/#primaryimage","url":"https:\/\/habichlaw.com\/wp-content\/uploads\/2024\/05\/HERO03-2.jpg","contentUrl":"https:\/\/habichlaw.com\/wp-content\/uploads\/2024\/05\/HERO03-2.jpg","width":744,"height":780},{"@type":"BreadcrumbList","@id":"https:\/\/habichlaw.com\/es\/contactenos\/#breadcrumb","itemListElement":[{"@type":"ListItem","position":1,"name":"Home","item":"https:\/\/habichlaw.com\/es\/"},{"@type":"ListItem","position":2,"name":"Cont\u00e1ctenos"}]},{"@type":"WebSite","@id":"https:\/\/habichlaw.com\/es\/#website","url":"https:\/\/habichlaw.com\/es\/","name":"Habich Law","description":"","potentialAction":[{"@type":"SearchAction","target":{"@type":"EntryPoint","urlTemplate":"https:\/\/habichlaw.com\/es\/?s={search_term_string}"},"query-input":"required name=search_term_string"}],"inLanguage":"es"}]}},"_links":{"self":[{"href":"https:\/\/habichlaw.com\/es\/wp-json\/wp\/v2\/pages\/720","targetHints":{"allow":["GET"]}}],"collection":[{"href":"https:\/\/habichlaw.com\/es\/wp-json\/wp\/v2\/pages"}],"about":[{"href":"https:\/\/habichlaw.com\/es\/wp-json\/wp\/v2\/types\/page"}],"author":[{"embeddable":true,"href":"https:\/\/habichlaw.com\/es\/wp-json\/wp\/v2\/users\/1"}],"replies":[{"embeddable":true,"href":"https:\/\/habichlaw.com\/es\/wp-json\/wp\/v2\/comments?post=720"}],"version-history":[{"count":2,"href":"https:\/\/habichlaw.com\/es\/wp-json\/wp\/v2\/pages\/720\/revisions"}],"predecessor-version":[{"id":723,"href":"https:\/\/habichlaw.com\/es\/wp-json\/wp\/v2\/pages\/720\/revisions\/723"}],"wp:featuredmedia":[{"embeddable":true,"href":"https:\/\/habichlaw.com\/es\/wp-json\/wp\/v2\/media\/798"}],"wp:attachment":[{"href":"https:\/\/habichlaw.com\/es\/wp-json\/wp\/v2\/media?parent=720"}],"curies":[{"name":"wp","href":"https:\/\/api.w.org\/{rel}","templated":true}]}}